{"id":3900,"date":"2015-11-05T14:26:59","date_gmt":"2015-11-05T20:26:59","guid":{"rendered":"http:\/\/www.gravitystudio.com.mx\/site\/?page_id=3900"},"modified":"2016-10-20T10:57:25","modified_gmt":"2016-10-20T16:57:25","slug":"instructoras-2","status":"publish","type":"page","link":"https:\/\/www.gravitystudio.com.mx\/site\/instructoras-2\/","title":{"rendered":"Instructoras"},"content":{"rendered":"<p>[vc_row animation_type=&#8221;fadeInRight&#8221;][vc_column][vc_column_text]<\/p>\n<h1>Instructoras<\/h1>\n<p>[\/vc_column_text][vc_empty_space height=&#8221;3px&#8221;][vc_column_text]<span class=\"m_3097212065495501087text_exposed_show\"><b>Gravity Pole Fitness Studios<\/b> requiere que sus instructoras est\u00e9n en constante capacitaci\u00f3n y cumplen como m\u00ednimo, los siguientes requisitos:<\/span><\/p>\n<p><span class=\"m_3097212065495501087text_exposed_show\"><span class=\"m_3097212065495501087text_exposed_show\"><strong>a)<\/strong> Certificaci\u00f3n AFAA<br \/>\n<strong>b)<\/strong> Certificaci\u00f3n Xpert m\u00f3dulos 1&amp;2.<br \/>\n<strong>c)<\/strong> Certificaciones Femexpole 1,2 &amp; 3.<br \/>\n<strong>d)<\/strong> Curso Internacional de primeros auxilios. (Vigente)<br \/>\n<strong>e)<\/strong> M\u00ednimo de 1500 horas efectivas \/ comprobables de pr\u00e1ctica. <\/span><\/span>[\/vc_column_text][\/vc_column][\/vc_row][vc_row animation_type=&#8221;fadeInRight&#8221;][vc_column width=&#8221;1\/3&#8243;][vc_single_image image=&#8221;4315&#8243; img_size=&#8221;large&#8221;][\/vc_column][vc_column width=&#8221;2\/3&#8243;][vc_column_text]<\/p>\n<h2>Estefan\u00eda<\/h2>\n<p>Un buen d\u00eda, aburrida de leer montones art\u00edculos para mi clase de Inmunolog\u00eda Celular y con ganas de hacer algo divertido, busque algo para mi hiperactividad, despu\u00e9s de algunos a\u00f1os de practicar ballet, jazz y tap, buscaba algo que me retara y me hiciera sentir diferente, algo que me liberara de los miles de problemas que tenia en ese momento, pero no lo que ya conoc\u00eda, despu\u00e9s de mucho pensar dije \u00a8pues siempre he tenido la curiosidad de bailar en un tubo\u00a8 y buscando en internet encontr\u00e9 la pagina de \u00a8Gravity Pole Fitness\u00a8 empece a ver algunos v\u00eddeos que ten\u00edan y en ese momento descubr\u00ed que quer\u00eda hacer lo que ella hac\u00eda, sub\u00eda y bajaba en un tubo, giraba, se dejaba caer al piso y se levantaba, todo con una gran facilidad, pero lo que me atrapo fue la sonrisa que tenia y sobre todo que se ve\u00eda FELIZ.<\/p>\n<p>Cuatro d\u00edas despu\u00e9s de mi primera clase segu\u00eda sin poder mover los brazos y estaba llena de moretones, pero estaba FELIZ (al principio no tan \u00e1gil, claro!!), pero algo hab\u00eda hecho esa hora y media de ejercicio y baile en mi que me atrapo, descubr\u00ed que pod\u00eda volar; hoy, un a\u00f1o y cuatro meses despu\u00e9s de ese lunes soy una mujer que se quito tab\u00fas y prejuicios, que se volvio segura de si misma, soy una mujer que descubri\u00f3 que si se puede y que todas podemos, soy alguien que encontr\u00f3 nuevas amigas y c\u00f3mplices para poder volar juntas, c\u00f3mplices para apoyarnos, aplaudirnos y saber que siempre va a haber unos brazos que no te van a dejar caer.<\/p>\n<p>Tengo una maestr\u00eda en Ciencias Quimicobiol\u00f3gicas y decid\u00ed compartir esa felicidad, ahora como instructora con el objetivo de poder lograr hacer sentir a alguien lo que yo siento cada vez que me sale alg\u00fan giro o acrobacia nuevos.<\/p>\n<p>Porque aquellas que digan que \u00a8nunca han so\u00f1ado bailar y ponerse de cabeza en un tubo\u00a8 mienten.<\/p>\n<p>Y recuerden: Para que quiero pies para caminar, si tengo un tubo para volar.<\/p>\n<p>&nbsp;<\/p>\n<p>Estefan\u00eda Fern\u00e1ndez es actualmente Master Trainer de la Federaci\u00f3n Mexicana de Pole Fitness y Juez acreditada ante la International Pole Sports Federation. Tambi\u00e9n est\u00e1 a cargo de los proyectos de Educaci\u00f3n Continua de la Federaci\u00f3n.<\/p>\n<p>&nbsp;<\/p>\n<p>Estefan\u00eda da clases en Gravity Studio Polanco y Sat\u00e9lite.[\/vc_column_text][\/vc_column][\/vc_row][vc_row animation_type=&#8221;fadeInLeft&#8221;][vc_column width=&#8221;2\/3&#8243;][vc_column_text]<\/p>\n<h2>Erika<\/h2>\n<p>Durante 9 a\u00f1os practiqu\u00e9 patinaje art\u00edstico sobre hielo y crec\u00ed con este deporte. Siempre me apasion\u00f3 much\u00edsimo, compet\u00ed en m\u00e1s de 50 competencias y obtuve grandes satisfacciones mientras lo practiqu\u00e9 y me ayud\u00f3 a ser la persona que hoy soy. Despu\u00e9s era momento de elegir una carrera una profesi\u00f3n, y as\u00ed lo hice, me gradu\u00e9 como Lic. En Mercadotecnia. No es que no me guste mi carrera, pero siempre me gust\u00f3 ense\u00f1ar y compartir lo que s\u00e9. Es una sensaci\u00f3n hermosa y muy gratificante compartir los logros de otras personas, en verdad los sientes como propios. Decid\u00ed entonces darme una oportunidad de hacer algo que desde ni\u00f1a hab\u00eda deseado, convertirme en entrenadora de patinaje art\u00edstico sobre hielo. Lo logr\u00e9 y me ha hecho muy feliz. Un d\u00eda me encontr\u00e9 con el Pole fitness y me enamor\u00e9 de esta actividad, solo dos cosas en mi vida me han apasionado tanto, el patinaje y el pole fitness.<\/p>\n<p>El pole fitness es una actividad excepcional, ha cambiado mi vida, me ha llenado de energ\u00eda, de motivaci\u00f3n, de alegr\u00eda, incrementa mi autoestima y me permite llevar una vida m\u00e1s sana. En esta actividad te encuentras con distintos retos, diferentes para cada persona, esto es lo que mantiene la motivaci\u00f3n en todo momento, ya que siempre buscas lograr ese reto que tienes enfrente. Es tanta la alegr\u00eda y satisfacci\u00f3n que esta actividad me trae que quiero compartirla con otras personas y transmitirles lo que a m\u00ed me ha aportado, quisiera que mas personas pudieran experimentar lo mismo que yo. Es por eso que hoy en d\u00eda soy instructora me encanta ense\u00f1ar, y me da la oportunidad de hacer lo que me gusta, y entregarles a otros un poquito de lo que a mi me hace feliz.<\/p>\n<p>&nbsp;<\/p>\n<p>Erika Gonz\u00e1lez es Master Trainer de la Federaci\u00f3n, Juez Internacional acreditada ante la International Pole Sports Federation y atleta de alto rendimiento. Erika fue la primera mexicana en obtener un t\u00edtulo internacional cuando gan\u00f3 el 2do lugar en categor\u00edaa amateur en el World Cup en R\u00edo de Janeiro. Despu\u00e9s regres\u00f3 a R\u00edo a coronarse como campeona en la Categor\u00eda Amateur, obteniendo el 1er lugar. Erika es Campeona Nacional 2015, 2do lugar Nacional 2014, 3er lugar Panamericano 2015.<\/p>\n<p>&nbsp;<\/p>\n<p>Puedes tomar clases y entrenar con Erika Gonz\u00e1lez en Gravity Studio Polanco y Sat\u00e9lite.[\/vc_column_text][\/vc_column][vc_column width=&#8221;1\/3&#8243;][vc_single_image image=&#8221;4238&#8243; img_size=&#8221;large&#8221;][\/vc_column][\/vc_row][vc_row animation_type=&#8221;fadeInRight&#8221;][vc_column width=&#8221;1\/3&#8243;][vc_single_image image=&#8221;4247&#8243; img_size=&#8221;large&#8221;][\/vc_column][vc_column width=&#8221;2\/3&#8243;][vc_column_text]<\/p>\n<h2>Lou<\/h2>\n<p>Dise\u00f1ador gr\u00e1fico de profesi\u00f3n, deportista por convicci\u00f3n&#8230;.desde peque\u00f1a he incursionado en los deportes como nataci\u00f3n y gimnasia ol\u00edmpica, pero fue hasta los 12 a\u00f1os cuando encontr\u00e9 en la Gimnasia R\u00edtmica deportiva mi gran amor por el deporte profesionalmente, formando parte del equipo de la Alberca Ol\u00edmpica y despu\u00e9s entrenando y compitiendo con el equipo del Palacio De Los Deportes hasta los 20 a\u00f1os. Hice una pausa por la escuela y en el 2001 tome una certificaci\u00f3n de Hi-Low, para as\u00ed empezar a dar clases hasta el 2003, despu\u00e9s tome una certificaci\u00f3n de Indoor Cylcle con Rebook, en 2005. En Febrero de 2012 empec\u00e9 la capacitaci\u00f3n como instructora de pole fitness en Gravity. Ese mismo a\u00f1o tom\u00e9 el curso de primeros auxilios &#8221;Salva Corazones&#8221; avalado por la American Heart Association, y la certificaci\u00f3n de TRX; en Octubre me capacit\u00e9 con X-Pert y actualmente soy instructora en Gravity Studio Polanco.<\/p>\n<p>&nbsp;<\/p>\n<p>Adem\u00e1s de su experiencia como instructora, Lou ha competido en la categor\u00eda Elite Master +40, obteniendo el 1er lugar nacional en el 2015. Puedes tomar clases de pole fitness y TRX con ella en Gravity Studio Polanco.[\/vc_column_text][\/vc_column][\/vc_row][vc_row animation_type=&#8221;fadeInLeft&#8221;][vc_column width=&#8221;2\/3&#8243;][vc_column_text]<\/p>\n<h2>Mar\u00eda<\/h2>\n<p>Ingeniera en sistemas computacionales de profesi\u00f3n, cirquera y saltimbanqui por convicci\u00f3n. El d\u00eda que v\u00ed a alguien volar me enamor\u00f3, era incre\u00edble, yo quer\u00eda hacer eso&#8230; no fue f\u00e1cil, pero fue el principio de un encuentro conmigo misma. Hubo personas que me dijeron que no podr\u00eda hacerlo, que no ten\u00eda la edad, la fuerza, la elasticidad, el nivel, el cuerpo, el peso&#8230; pero yo quer\u00eda hacerlo y nunca me di por vencida; entend\u00ed y aprend\u00ed que no hay remedios m\u00e1gicos, sino s\u00f3lo pr\u00e1ctica, harta pr\u00e1ctica y paciencia\u2026 la magia la creas tu. Cuando volando entiendes que todo es posible y que la vida est\u00e1 hecha de instantes, no importa lo que hagas sino c\u00f3mo lo hagas y si lo haces con una entrega total, es as\u00ed, como sea, es simplemente perfecto.<\/p>\n<p>&nbsp;<\/p>\n<p>Comenc\u00e9 practicando danza a\u00e9rea tomando todas las clases, cursos y talleres que se cruzaban por mi camino, complementando con acrobacia de piso, yoga, crossfit, entrenamiento personal y toneladas de actitud. Con \u00e9stas bases he llegado a hacer cosas que ve\u00eda lejanas y honestamente casi imposibles. Gracias a una gran amiga tuve contacto con el Pole Fitness, primero fue un nuevo reto y en muy poco tiempo se convirti\u00f3 en mi pasi\u00f3n y mi nueva forma de volar y expresarme.<\/p>\n<p>&nbsp;<\/p>\n<p>Como instructora no s\u00f3lo comparto mis conocimientos, comparto mi experiencia y mi sentir, les hago entender a mis alumnas que no es imposible, que no importa cuantas veces te hayan dicho que no puedes, no importa cuantas veces lo intentes y no te salga, si realmente crees que puedes hacerlo y practicas lo suficiente un d\u00eda s\u00f3lo sucede. Les comparto que cada d\u00eda es una nueva oportunidad y que poco a poco el sue\u00f1o de volar se convierte en realidad, lo m\u00e1s importante es intentarlo, no darse por vencida y atravesar el miedo a caer.<\/p>\n<p>&nbsp;<\/p>\n<p>Mar\u00eda est\u00e1 certificada como instructora de Gravity Studio y adem\u00e1s es entrenadora grupal acreditada por la Aerobics and Fitness Association of America. Puedes compartir los sue\u00f1os de Mar\u00eda entrenando con ella en Gravity Studio Polanco.[\/vc_column_text][\/vc_column][vc_column width=&#8221;1\/3&#8243;][vc_single_image image=&#8221;4244&#8243; img_size=&#8221;large&#8221;][\/vc_column][\/vc_row][vc_row animation_type=&#8221;fadeInRight&#8221;][vc_column width=&#8221;1\/3&#8243;][vc_single_image image=&#8221;4241&#8243; img_size=&#8221;large&#8221;][\/vc_column][vc_column width=&#8221;2\/3&#8243;][vc_column_text]<\/p>\n<h2>Joss<\/h2>\n<p>Comenc\u00e9 a practicar pole fitness porque me llamo la atenci\u00f3n al ser un ejercicio diferente y, de cierta manera tab\u00fa. No en cualquier lado se practicaba, ya estaba inscrita en un gimnasio cuando comenc\u00e9 y nada se compara con esta experiencia, ya que clase con clase aprendes cosas nuevas y es un nuevo reto para ti misma. Me gusta por que me saca de mi zona de confort para ir siempre un poco m\u00e1s all\u00e1.<br \/>\nCon el tiempo comenc\u00e9 a sentirme m\u00e1s fuerte y a notar cambios positivos en mi cuerpo y en mi \u00e1nimo, as\u00ed que por eso decid\u00ed certificarme como instructora, para compartir la seguridad que adquir\u00ed. La fuerza que generaba ya no s\u00f3lo era f\u00edsica, sino tambi\u00e9n emocional.<\/p>\n<p>Anteriormente practicaba yoga, pilates y ejercicios cardivasculares, actualmente lo que m\u00e1s practico es pole fitness ya que es un ejercicio muy completo.<\/p>\n<p>Puedes encontrar a Joss volando en Gravity Studio Polanco. Joss es instructora certificada por Gravity Studio, entrenadora grupal por AFAA y juez nacional acreditada ante la International Pole Sports Federation. Es co-creadora del #viernesdemaroma, concepto en donde podr\u00e1s hacer muchas travesuras y machincuepas.[\/vc_column_text][\/vc_column][\/vc_row]<\/p>\n","protected":false},"excerpt":{"rendered":"<p>[vc_row animation_type=&#8221;fadeInRight&#8221;][vc_column][vc_column_text] Instructoras [\/vc_column_text][vc_empty_space height=&#8221;3px&#8221;][vc_column_text]Gravity Pole Fitness Studios requiere que sus instructoras est\u00e9n en constante capacitaci\u00f3n y cumplen como m\u00ednimo, los siguientes requisitos: a) Certificaci\u00f3n AFAA b) Certificaci\u00f3n Xpert m\u00f3dulos 1&amp;2. c) Certificaciones Femexpole 1,2 &amp; 3. d) Curso Internacional de primeros auxilios. (Vigente) e) M\u00ednimo de 1500 horas efectivas \/ comprobables de pr\u00e1ctica. [\/vc_column_text][\/vc_column][\/vc_row][vc_row [&hellip;]<\/p>\n","protected":false},"author":1,"featured_media":0,"parent":0,"menu_order":0,"comment_status":"closed","ping_status":"closed","template":"","meta":[],"_links":{"self":[{"href":"https:\/\/www.gravitystudio.com.mx\/site\/wp-json\/wp\/v2\/pages\/3900"}],"collection":[{"href":"https:\/\/www.gravitystudio.com.mx\/site\/wp-json\/wp\/v2\/pages"}],"about":[{"href":"https:\/\/www.gravitystudio.com.mx\/site\/wp-json\/wp\/v2\/types\/page"}],"author":[{"embeddable":true,"href":"https:\/\/www.gravitystudio.com.mx\/site\/wp-json\/wp\/v2\/users\/1"}],"replies":[{"embeddable":true,"href":"https:\/\/www.gravitystudio.com.mx\/site\/wp-json\/wp\/v2\/comments?post=3900"}],"version-history":[{"count":10,"href":"https:\/\/www.gravitystudio.com.mx\/site\/wp-json\/wp\/v2\/pages\/3900\/revisions"}],"predecessor-version":[{"id":4406,"href":"https:\/\/www.gravitystudio.com.mx\/site\/wp-json\/wp\/v2\/pages\/3900\/revisions\/4406"}],"wp:attachment":[{"href":"https:\/\/www.gravitystudio.com.mx\/site\/wp-json\/wp\/v2\/media?parent=3900"}],"curies":[{"name":"wp","href":"https:\/\/api.w.org\/{rel}","templated":true}]}}