{"id":3901,"date":"2015-11-04T12:39:45","date_gmt":"2015-11-04T18:39:45","guid":{"rendered":"http:\/\/www.gravitystudio.com.mx\/site\/?page_id=3901"},"modified":"2018-10-10T14:51:42","modified_gmt":"2018-10-10T20:51:42","slug":"cursos","status":"publish","type":"page","link":"https:\/\/www.gravitystudio.com.mx\/site\/cursos\/","title":{"rendered":"Cursos por nivel"},"content":{"rendered":"<p>[vc_row animation_type=&#8221;fadeInDown&#8221;][vc_column][vc_single_image image=&#8221;4332&#8243; img_size=&#8221;large&#8221; alignment=&#8221;center&#8221;][\/vc_column][\/vc_row][vc_row animation_type=&#8221;fadeInLeft&#8221;][vc_column][vc_column_text]<\/p>\n<h1>Cursos por Nivel<\/h1>\n<p>Contamos con un sistema por niveles para que tu pr\u00e1ctica sea progresiva, efectiva, segura y divertida. Cada nivel se compone por 4 semanas de entrenamiento en donde tienes una clase fija a la semana de 90 minutos, con una instructora titular que se encargar\u00e1 de llevar tu progreso a lo largo de diferentes niveles.<\/p>\n<p>El resto de la semana, puedes tomar clases de pr\u00e1ctica ilimitadas de lunes a domingo. Dependiendo el d\u00eda de la semana son los horarios disponibles.<\/p>\n<p>Nuestras clases tienen una duraci\u00f3n de una hora y media y constan de un calentamiento con estiramiento din\u00e1mico, ejercicios de fuerza en piso, en el tubo, acrobacias, coreograf\u00eda y una sesi\u00f3n de enfriamiento.<\/p>\n<p>Todas nuestras alumnas comienzan desde el nivel b\u00e1sico y van realizando ejercicios progresivos, efectivos y seguros para ir adquiriendo fuerza, elasticidad, resistencia y coordinaci\u00f3n. No necesitas tener ning\u00fan antecedente deportivo o acondicionamiento f\u00edsico espec\u00edfico. Sin importar cu\u00e1l sea tu condici\u00f3n actual, puedes comenzar inmediatamente.<\/p>\n<p>Las clases grupales\u00a0y gracias a nuestro exclusivo sistema son multinivel. Puedes ir a tu clase titular o a clase de practica en cualquiera de los horarios disponibles. Cada grupo se abre con un m\u00ednimo de 4 personas y el m\u00e1ximo de determina dependiendo por estudio y el n\u00famero de tubos disponibles.<\/p>\n<p><strong>Clases por niveles Santa M\u00f3nica<\/strong> $1,900.00 pesos (Nivel de 4 semanas)<br \/>\n<strong>Clases por niveles Polanco \/ Anzures<\/strong> $3,900.00 pesos (Nivel de 8 semanas)<\/p>\n<p>Niveles con una clase titular o fija por semana de 90 minutos y clases ilimitadas de practica.<\/p>\n<p><strong><em>*Nota importante.<\/em><\/strong> Los precios pueden cambiar sin previo aviso y las promociones cambian mes con mes. Acercarte a nuestras redes sociales para estar siempre al d\u00eda en nuestros cursos, promociones y precios.[\/vc_column_text][vc_message message_box_color=&#8221;violet&#8221;]<\/p>\n<ul class=\"ul1\">\n<li class=\"li1\">Todas las clases son de car\u00e1cter personal e intransferible.<\/li>\n<li class=\"li1\">Por su seguridad, tenemos una tolerancia m\u00e1xima de 15 minutos para ingresar a la clase despu\u00e9s de comenzada. Pasado este tiempo no se permitir\u00e1 el ingreso sin excepci\u00f3n.<\/li>\n<\/ul>\n<ul class=\"ul1\">\n<li class=\"li1\">NO hay reembolsos o cambios en horarios previamente reservados.<\/li>\n<\/ul>\n<ul class=\"ul1\">\n<li class=\"li1\">Las clases no se recorren en caso de caer en d\u00eda festivo o no laborable. por enfermedad o indisposici\u00f3n de la alumna por lo que es responsabilidad de las alumnas el reponer dichas clases antes de que acabe su nivel corriente.<\/li>\n<\/ul>\n<p class=\"p1\"><b>Las clases, horarios &amp; precios pueden cambiar sin previo aviso<\/b>.<\/p>\n<p>[\/vc_message][\/vc_column][\/vc_row]<\/p>\n","protected":false},"excerpt":{"rendered":"<p>[vc_row animation_type=&#8221;fadeInDown&#8221;][vc_column][vc_single_image image=&#8221;4332&#8243; img_size=&#8221;large&#8221; alignment=&#8221;center&#8221;][\/vc_column][\/vc_row][vc_row animation_type=&#8221;fadeInLeft&#8221;][vc_column][vc_column_text] Cursos por Nivel Contamos con un sistema por niveles para que tu pr\u00e1ctica sea progresiva, efectiva, segura y divertida. Cada nivel se compone por 4 semanas de entrenamiento en donde tienes una clase fija a la semana de 90 minutos, con una instructora titular que se encargar\u00e1 de llevar [&hellip;]<\/p>\n","protected":false},"author":1,"featured_media":0,"parent":0,"menu_order":0,"comment_status":"closed","ping_status":"closed","template":"","meta":[],"_links":{"self":[{"href":"https:\/\/www.gravitystudio.com.mx\/site\/wp-json\/wp\/v2\/pages\/3901"}],"collection":[{"href":"https:\/\/www.gravitystudio.com.mx\/site\/wp-json\/wp\/v2\/pages"}],"about":[{"href":"https:\/\/www.gravitystudio.com.mx\/site\/wp-json\/wp\/v2\/types\/page"}],"author":[{"embeddable":true,"href":"https:\/\/www.gravitystudio.com.mx\/site\/wp-json\/wp\/v2\/users\/1"}],"replies":[{"embeddable":true,"href":"https:\/\/www.gravitystudio.com.mx\/site\/wp-json\/wp\/v2\/comments?post=3901"}],"version-history":[{"count":10,"href":"https:\/\/www.gravitystudio.com.mx\/site\/wp-json\/wp\/v2\/pages\/3901\/revisions"}],"predecessor-version":[{"id":4433,"href":"https:\/\/www.gravitystudio.com.mx\/site\/wp-json\/wp\/v2\/pages\/3901\/revisions\/4433"}],"wp:attachment":[{"href":"https:\/\/www.gravitystudio.com.mx\/site\/wp-json\/wp\/v2\/media?parent=3901"}],"curies":[{"name":"wp","href":"https:\/\/api.w.org\/{rel}","templated":true}]}}