{"id":3927,"date":"2015-11-10T13:39:33","date_gmt":"2015-11-10T19:39:33","guid":{"rendered":"http:\/\/www.gravitystudio.com.mx\/site\/?page_id=3927"},"modified":"2016-01-07T12:43:02","modified_gmt":"2016-01-07T18:43:02","slug":"jezabel-olmos","status":"publish","type":"page","link":"https:\/\/www.gravitystudio.com.mx\/site\/jezabel-olmos\/","title":{"rendered":"Jezabel Olmos"},"content":{"rendered":"<p>[vc_row animation_type=&#8221;fadeInDown&#8221;][vc_column width=&#8221;2\/3&#8243; animation_type=&#8221;fadeInLeft&#8221;][vc_column_text]<\/p>\n<h1><strong>Jezabel Olmos Lemus<\/strong><\/h1>\n<p>Jezabel Olmos estudi\u00f3 la Licenciatura en <strong>Relaciones Internacionales en el ITAM<\/strong>. Comenz\u00f3 la actividad de <strong>Pole Fitness<\/strong> como actividad recreativa en 2002. Practic\u00f3 por su cuenta, como reto personal y acondicionamiento f\u00edsico. Jezabel fue <strong>la primera mexicana en capacitarse como instructora y en 2007<\/strong> comenz\u00f3 a dar clases de pole, lo que la llev\u00f3 a incursionar en el mundo del fitness. Se convirti\u00f3 en la primera mujer mexicana en promover el pole fitness como actividad de acondicionamiento f\u00edsico, desarroll\u00f3 un sistema por niveles de entrenamiento que permiten ejercitarte con el tubo de forma progresiva, efectiva y segura. <strong>Est\u00e1 certificada como instructora personal y grupal por AFAA, adem\u00e1s de haber tomado cursos de especializaci\u00f3n en Advanced Functional Training, Core Intensive Training, Group Strenght, <\/strong><\/p>\n<p><strong>X-pert Teacher Training, TRX, Tabatas y HIIT, entre otras<\/strong>.<\/p>\n<p>&nbsp;<\/p>\n<p>[\/vc_column_text][\/vc_column][vc_column width=&#8221;1\/3&#8243;][vc_single_image image=&#8221;3973&#8243; img_size=&#8221;large&#8221;][\/vc_column][\/vc_row][vc_row animation_type=&#8221;fadeInDown&#8221;][vc_column][vc_column_text]Cre\u00f3 el primer estudio de pole fitness que promueve la actividad como acondicionamiento f\u00edsico, <strong>Gravity Studio<\/strong>, que fue adem\u00e1s, la primera franquicia de pole fitness en M\u00e9xico y tambi\u00e9n la primera en tener una sucursal en Estados Unidos. Con esto, contribuy\u00f3 a abrir las puertas de una nueva industria en M\u00e9xico.<\/p>\n<p>Jezabel ha creado l<strong>as \u00fanicas capacitaciones de pole fitness en M\u00e9xico<\/strong> que son avaladas en Estados Unidos por AFAA ( Aerobics and Fitness Association of America ). Ha entrenado a m\u00e1s de 400 instructoras de pole fitness, adem\u00e1s de ser la productora del Showcase m\u00e1s grande de la comunidad de pole fitness en el mundo: Gravity First.<br \/>\nActualmente es Presidente de la <strong>Federaci\u00f3n Mexicana de Pole Fitness,<\/strong> y una de las dos \u00fanicas Heaad Judge entrenadas en el continente americano por la International Pole Sports Federation. Jezabel y todo su equipo en Gravity Studio y en la Federaci\u00f3n, difunde y promueve el pole fitness como una actividad deportiva en v\u00edas de convertirse a un <strong>deporte reconocido por organismos gubernamentales y asociaciones internacionales.<\/strong><\/p>\n<p>&nbsp;<\/p>\n<p><strong>Puedes entrenar con ella en Gravity Studio Polanco de forma grupal o con clases personalizadas.<\/strong>[\/vc_column_text][\/vc_column][\/vc_row]<\/p>\n","protected":false},"excerpt":{"rendered":"<p>[vc_row animation_type=&#8221;fadeInDown&#8221;][vc_column width=&#8221;2\/3&#8243; animation_type=&#8221;fadeInLeft&#8221;][vc_column_text] Jezabel Olmos Lemus Jezabel Olmos estudi\u00f3 la Licenciatura en Relaciones Internacionales en el ITAM. Comenz\u00f3 la actividad de Pole Fitness como actividad recreativa en 2002. Practic\u00f3 por su cuenta, como reto personal y acondicionamiento f\u00edsico. Jezabel fue la primera mexicana en capacitarse como instructora y en 2007 comenz\u00f3 a dar clases [&hellip;]<\/p>\n","protected":false},"author":1,"featured_media":0,"parent":0,"menu_order":0,"comment_status":"closed","ping_status":"closed","template":"","meta":[],"_links":{"self":[{"href":"https:\/\/www.gravitystudio.com.mx\/site\/wp-json\/wp\/v2\/pages\/3927"}],"collection":[{"href":"https:\/\/www.gravitystudio.com.mx\/site\/wp-json\/wp\/v2\/pages"}],"about":[{"href":"https:\/\/www.gravitystudio.com.mx\/site\/wp-json\/wp\/v2\/types\/page"}],"author":[{"embeddable":true,"href":"https:\/\/www.gravitystudio.com.mx\/site\/wp-json\/wp\/v2\/users\/1"}],"replies":[{"embeddable":true,"href":"https:\/\/www.gravitystudio.com.mx\/site\/wp-json\/wp\/v2\/comments?post=3927"}],"version-history":[{"count":8,"href":"https:\/\/www.gravitystudio.com.mx\/site\/wp-json\/wp\/v2\/pages\/3927\/revisions"}],"predecessor-version":[{"id":4233,"href":"https:\/\/www.gravitystudio.com.mx\/site\/wp-json\/wp\/v2\/pages\/3927\/revisions\/4233"}],"wp:attachment":[{"href":"https:\/\/www.gravitystudio.com.mx\/site\/wp-json\/wp\/v2\/media?parent=3927"}],"curies":[{"name":"wp","href":"https:\/\/api.w.org\/{rel}","templated":true}]}}