{"id":3934,"date":"2015-11-10T13:50:47","date_gmt":"2015-11-10T19:50:47","guid":{"rendered":"http:\/\/www.gravitystudio.com.mx\/site\/?page_id=3934"},"modified":"2016-01-15T13:20:56","modified_gmt":"2016-01-15T19:20:56","slug":"historia-del-pole-dance","status":"publish","type":"page","link":"https:\/\/www.gravitystudio.com.mx\/site\/historia-del-pole-dance\/","title":{"rendered":"Historia del Pole Dance"},"content":{"rendered":"<p>[vc_row animation_type=&#8221;fadeInDown&#8221;][vc_column][vc_single_image image=&#8221;4234&#8243; img_size=&#8221;full&#8221; alignment=&#8221;center&#8221;][\/vc_column][\/vc_row][vc_row animation_type=&#8221;fadeInLeft&#8221;][vc_column][vc_column_text]<\/p>\n<h1>Historia del Pole Dance<\/h1>\n<p>Existe desde hace m\u00e1s tiempo del que nos imaginamos y tiene sus or\u00edgenes en el uso de Mallkhamb (tubo gimn\u00e1stico) y en el Mallastambha (pilar gimn\u00e1stico). Ambos instrumentos se utilizan desde hace aproximadamente 250 a\u00f1os para practicar yoga utilizando una cuerda o un palo de madera para aumentar la fuerza y el volumen muscular.<\/p>\n<p>&nbsp;<\/p>\n<p>En la d\u00e9cada de los a\u00f1os veinte, durante la Gran Depresi\u00f3n norteamericana, se organizaban ferias ambulantes que viajaban de ciudad en ciudad para entretener a la poblaci\u00f3n. Alrededor de la carpa principal se instalaban otras de menor tama\u00f1o para presentar diferentes espect\u00e1culos al mismo tiempo. En una de las carpas hab\u00eda un espect\u00e1culo de bailarinas er\u00f3ticas que utilizaban un peque\u00f1o escenario para bailar de forma sugestiva. Debido al reducido espacio, las bailarinas se acercaban al tubo que sosten\u00eda la carpa y lo usaban como instrumento para bailar. Con el paso de los a\u00f1os se traslad\u00f3 de las carpas a los bares como espect\u00e1culo burlesque hasta que fue m\u00e1s aceptado en los a\u00f1os cincuenta.<\/p>\n<p>&nbsp;<\/p>\n<p>Durante treinta a\u00f1os, de la d\u00e9cada de los a\u00f1os cincuenta, hasta los ochenta, el tema de pole dancing pas\u00f3 desapercibido hasta que se retom\u00f3 esta actividad en los bares de striptease en Canad\u00e1 y Estados Unidos. Sin embargo, no fue sino hasta la d\u00e9cada de los a\u00f1os noventa que la canadiense Fawnia Dietrich transform\u00f3 el pole dancing en un uso cotidiano para ejercitar el cuerpo de cualquier mujer.<\/p>\n<p>Actualmente esta actividad ha evolucionado hasta convertirse en el Pole Sports, una actividad f\u00edsica y emocional, que adem\u00e1s de moldear el cuerpo y aumentar la autoestima de quienes lo practican, es extremadamente divertido. Se est\u00e1 promoviendo como actividad ol\u00edmpica con los esfuerzos de las Federaciones nacionales como la Federaci\u00f3n Mexicana de Pole Fitness y la International Pole Sports Federation, con sede en Londres.<\/p>\n<p>&nbsp;<\/p>\n<p>Gravity Studio siempre ha sido un estudio que promueve esta actividad como acondicionamiento f\u00edsico y un deporte. Tan solo en el 2015 Gravity Studio cuenta con 9 medallas a nivel nacional en diferentes categor\u00edas incluyendo 3 primeros lugares en categor\u00edas Senior y Master Elite y Junior Amateur y el 3er lugar Profesional en el Panamericano.[\/vc_column_text][\/vc_column][\/vc_row]<\/p>\n","protected":false},"excerpt":{"rendered":"<p>[vc_row animation_type=&#8221;fadeInDown&#8221;][vc_column][vc_single_image image=&#8221;4234&#8243; img_size=&#8221;full&#8221; alignment=&#8221;center&#8221;][\/vc_column][\/vc_row][vc_row animation_type=&#8221;fadeInLeft&#8221;][vc_column][vc_column_text] Historia del Pole Dance Existe desde hace m\u00e1s tiempo del que nos imaginamos y tiene sus or\u00edgenes en el uso de Mallkhamb (tubo gimn\u00e1stico) y en el Mallastambha (pilar gimn\u00e1stico). Ambos instrumentos se utilizan desde hace aproximadamente 250 a\u00f1os para practicar yoga utilizando una cuerda o un palo de [&hellip;]<\/p>\n","protected":false},"author":1,"featured_media":0,"parent":0,"menu_order":0,"comment_status":"closed","ping_status":"closed","template":"","meta":[],"_links":{"self":[{"href":"https:\/\/www.gravitystudio.com.mx\/site\/wp-json\/wp\/v2\/pages\/3934"}],"collection":[{"href":"https:\/\/www.gravitystudio.com.mx\/site\/wp-json\/wp\/v2\/pages"}],"about":[{"href":"https:\/\/www.gravitystudio.com.mx\/site\/wp-json\/wp\/v2\/types\/page"}],"author":[{"embeddable":true,"href":"https:\/\/www.gravitystudio.com.mx\/site\/wp-json\/wp\/v2\/users\/1"}],"replies":[{"embeddable":true,"href":"https:\/\/www.gravitystudio.com.mx\/site\/wp-json\/wp\/v2\/comments?post=3934"}],"version-history":[{"count":6,"href":"https:\/\/www.gravitystudio.com.mx\/site\/wp-json\/wp\/v2\/pages\/3934\/revisions"}],"predecessor-version":[{"id":4365,"href":"https:\/\/www.gravitystudio.com.mx\/site\/wp-json\/wp\/v2\/pages\/3934\/revisions\/4365"}],"wp:attachment":[{"href":"https:\/\/www.gravitystudio.com.mx\/site\/wp-json\/wp\/v2\/media?parent=3934"}],"curies":[{"name":"wp","href":"https:\/\/api.w.org\/{rel}","templated":true}]}}