{"id":3943,"date":"2015-11-10T17:12:16","date_gmt":"2015-11-10T23:12:16","guid":{"rendered":"http:\/\/www.gravitystudio.com.mx\/site\/?page_id=3943"},"modified":"2016-01-22T12:40:43","modified_gmt":"2016-01-22T18:40:43","slug":"clase-de-prueba","status":"publish","type":"page","link":"https:\/\/www.gravitystudio.com.mx\/site\/clase-de-prueba\/","title":{"rendered":"Clase de Prueba"},"content":{"rendered":"<p>[vc_row animation_type=&#8221;fadeInDown&#8221;][vc_column][vc_single_image image=&#8221;4328&#8243; img_size=&#8221;large&#8221; alignment=&#8221;center&#8221;][\/vc_column][\/vc_row][vc_row animation_type=&#8221;fadeInLeft&#8221;][vc_column][vc_column_text]<\/p>\n<h1>Clase de Prueba<\/h1>\n<p>Mucho se ha dicho de las clases de tubo en diferentes medios. Gravity Studio es pionera en enfocar las clases de tubo como sistema de acondicionamiento general para mujeres.<\/p>\n<p>En Gravity Studio entendemos que tienes curiosidad de conocerla y ver si cumple tus expectativas de acondicionamiento f\u00edsico. Te aseguramos que es la mejor experiencia de fitness que existe y es por eso que te invitamos a tomar una clase de prueba para que conozcas nuestro concepto, sin pena, sin miedo!<\/p>\n<p>En nuestra clase de prueba conocer\u00e1s el formato de nuestras clases en general y har\u00e1s una prueba de lo divertido que es experimentar con nuevas formas de ejercicio para tu cuerpo. Lo \u00fanico que necesitas para la clase es ropa c\u00f3moda de gimnasio, sin mini-shorts, sin tacones, sin plumas\u2026 solo t\u00fa y lo que tu cuerpo puede lograr.<\/p>\n<p>La clase de prueba tiene una duraci\u00f3n de una hora y media y cumple con el formato de una clase regular: estiramiento din\u00e1mico, fuerza, acrobacias, coreograf\u00eda, sesi\u00f3n de enfriamiento.<\/p>\n<p>Los horarios de la clase de prueba pueden variar. Te invitamos a que te comuniques a cualquiera de nuestras sucursales para conocer los horarios en cada unidad.<\/p>\n<p>No es obligatorio tomar una clase de prueba para integrarte a las clases regulares.<\/p>\n<p>&nbsp;<\/p>\n<p><strong>Precio por persona: $400.00 pesos<\/strong><\/p>\n<p>Cada mes existen diferentes promociones en cada uno de nuestros Studios, comun\u00edcate con nosotros para conocerlas.<\/p>\n<p>&nbsp;<\/p>\n<p>Si al finalizar la clase de prueba te inscribes en ese horario, la clase de prueba se descuenta de tu nivel.<\/p>\n<p>Consulta la promoci\u00f3n del mes directamente en nuestros estudios.[\/vc_column_text][vc_message message_box_color=&#8221;violet&#8221;]<\/p>\n<ul class=\"ul1\">\n<li class=\"li1\">Todas las clases son de car\u00e1cter personal e intransferible.<\/li>\n<li class=\"li1\">Por su seguridad, tenemos una tolerancia m\u00e1xima de 15 minutos para ingresar a la clase despu\u00e9s de comenzada. Pasado este tiempo no se permitir\u00e1 el ingreso sin excepci\u00f3n.<\/li>\n<\/ul>\n<ul class=\"ul1\">\n<li class=\"li1\">NO hay reembolsos o cambios en horarios previamente reservados.<\/li>\n<\/ul>\n<ul class=\"ul1\">\n<li class=\"li1\">Las clases no se recorren en caso de caer en d\u00eda festivo o no laborable. por enfermedad o indisposici\u00f3n de la alumna por lo que es responsabilidad de las alumnas el reponer dichas clases antes de que acabe su nivel corriente.<\/li>\n<\/ul>\n<p class=\"p1\"><b>Las clases, horarios &amp; precios pueden cambiar sin previo aviso<\/b>.<\/p>\n<p>[\/vc_message][\/vc_column][\/vc_row]<\/p>\n","protected":false},"excerpt":{"rendered":"<p>[vc_row animation_type=&#8221;fadeInDown&#8221;][vc_column][vc_single_image image=&#8221;4328&#8243; img_size=&#8221;large&#8221; alignment=&#8221;center&#8221;][\/vc_column][\/vc_row][vc_row animation_type=&#8221;fadeInLeft&#8221;][vc_column][vc_column_text] Clase de Prueba Mucho se ha dicho de las clases de tubo en diferentes medios. Gravity Studio es pionera en enfocar las clases de tubo como sistema de acondicionamiento general para mujeres. En Gravity Studio entendemos que tienes curiosidad de conocerla y ver si cumple tus expectativas de acondicionamiento [&hellip;]<\/p>\n","protected":false},"author":1,"featured_media":0,"parent":0,"menu_order":0,"comment_status":"closed","ping_status":"closed","template":"","meta":[],"_links":{"self":[{"href":"https:\/\/www.gravitystudio.com.mx\/site\/wp-json\/wp\/v2\/pages\/3943"}],"collection":[{"href":"https:\/\/www.gravitystudio.com.mx\/site\/wp-json\/wp\/v2\/pages"}],"about":[{"href":"https:\/\/www.gravitystudio.com.mx\/site\/wp-json\/wp\/v2\/types\/page"}],"author":[{"embeddable":true,"href":"https:\/\/www.gravitystudio.com.mx\/site\/wp-json\/wp\/v2\/users\/1"}],"replies":[{"embeddable":true,"href":"https:\/\/www.gravitystudio.com.mx\/site\/wp-json\/wp\/v2\/comments?post=3943"}],"version-history":[{"count":10,"href":"https:\/\/www.gravitystudio.com.mx\/site\/wp-json\/wp\/v2\/pages\/3943\/revisions"}],"predecessor-version":[{"id":4375,"href":"https:\/\/www.gravitystudio.com.mx\/site\/wp-json\/wp\/v2\/pages\/3943\/revisions\/4375"}],"wp:attachment":[{"href":"https:\/\/www.gravitystudio.com.mx\/site\/wp-json\/wp\/v2\/media?parent=3943"}],"curies":[{"name":"wp","href":"https:\/\/api.w.org\/{rel}","templated":true}]}}