{"id":3951,"date":"2015-11-13T16:29:43","date_gmt":"2015-11-13T22:29:43","guid":{"rendered":"http:\/\/www.gravitystudio.com.mx\/site\/?page_id=3951"},"modified":"2017-01-02T14:05:46","modified_gmt":"2017-01-02T20:05:46","slug":"gravity-polanco","status":"publish","type":"page","link":"https:\/\/www.gravitystudio.com.mx\/site\/gravity-polanco\/","title":{"rendered":"Gravity Polanco"},"content":{"rendered":"<p>[vc_row full_height=&#8221;yes&#8221; parallax_content=&#8221;parallax_content_value&#8221; animation_type=&#8221;fadeInDown&#8221;][vc_column][vc_column_text]<a href=\"http:\/\/www.gravitystudio.com.mx\/site\/wp-content\/uploads\/2015\/11\/gravitypolancoStudio1.jpg\" rel=\"attachment wp-att-4320\"><img decoding=\"async\" loading=\"lazy\" class=\"aligncenter size-full wp-image-4320\" src=\"http:\/\/www.gravitystudio.com.mx\/site\/wp-content\/uploads\/2015\/11\/gravitypolancoStudio1.jpg\" alt=\"gravitypolancoStudio1\" width=\"2048\" height=\"896\" srcset=\"https:\/\/www.gravitystudio.com.mx\/site\/wp-content\/uploads\/2015\/11\/gravitypolancoStudio1.jpg 2048w, https:\/\/www.gravitystudio.com.mx\/site\/wp-content\/uploads\/2015\/11\/gravitypolancoStudio1-768x336.jpg 768w, https:\/\/www.gravitystudio.com.mx\/site\/wp-content\/uploads\/2015\/11\/gravitypolancoStudio1-1024x448.jpg 1024w\" sizes=\"(max-width: 2048px) 100vw, 2048px\" \/><\/a>[\/vc_column_text][\/vc_column][\/vc_row][vc_row animation_type=&#8221;fadeInLeft&#8221;][vc_column][vc_column_text]<\/p>\n<h2>Nuestro Estudio<\/h2>\n<p>Ubicado en Descartes 66 (entre Darwin y Victor Hugo) Col. Anzures C.P. 11590, atr\u00e1s del Hotel Camino Real, Ubicado en el coraz\u00f3n de la zona poniente de la CDMX, aqu\u00ed se llevan a cabo la mayor\u00eda de nuestras clases, capacitaciones para instructoras y talleres. Sede de nuestro corporativo y centro de operaciones de Gravity Pole Fitness Studios.<\/p>\n<blockquote><p>Estacionamiento en la calle de Descartes (justo en frente).<\/p><\/blockquote>\n<p>[\/vc_column_text][\/vc_column][\/vc_row][vc_row][vc_column][vc_text_separator title=&#8221;Nuestras Redes&#8221; color=&#8221;violet&#8221; border_width=&#8221;3&#8243;][\/vc_column][\/vc_row][vc_row][vc_column width=&#8221;1\/4&#8243;][vc_empty_space][\/vc_column][vc_column width=&#8221;1\/4&#8243; animation_type=&#8221;lightSpeedIn&#8221;][vc_single_image image=&#8221;4284&#8243; img_size=&#8221;100&#215;100&#8243; onclick=&#8221;custom_link&#8221; img_link_target=&#8221;_blank&#8221; css_animation=&#8221;appear&#8221; link=&#8221;http:\/\/www.twitter.com\/GravityPolanco&#8221;][\/vc_column][vc_column width=&#8221;1\/4&#8243; animation_type=&#8221;lightSpeedIn&#8221;][vc_single_image image=&#8221;4283&#8243; img_size=&#8221;100&#215;100&#8243; alignment=&#8221;center&#8221; onclick=&#8221;custom_link&#8221; img_link_target=&#8221;_blank&#8221; css_animation=&#8221;appear&#8221; link=&#8221;http:\/\/www.facebook.com\/GravityStudioPolanco&#8221;][\/vc_column][vc_column width=&#8221;1\/4&#8243;][vc_empty_space][\/vc_column][\/vc_row][vc_row][vc_column][vc_gmaps link=&#8221;#E-8_JTNDaWZyYW1lJTIwc3JjJTNEJTIyaHR0cHMlM0ElMkYlMkZ3d3cuZ29vZ2xlLmNvbSUyRm1hcHMlMkZlbWJlZCUzRnBiJTNEJTIxMW0xOCUyMTFtMTIlMjExbTMlMjExZDE3MzcuNjY5ODYyOTgwMDIyMSUyMTJkLTk5LjE3NzQ4MDM2NTQ2NzElMjEzZDE5LjQyODg0NDcyNjAwMzc2NCUyMTJtMyUyMTFmMCUyMTJmMCUyMTNmMCUyMTNtMiUyMTFpMTAyNCUyMTJpNzY4JTIxNGYxMy4xJTIxM20zJTIxMW0yJTIxMXMweDg1ZDFmZjRkMDUxYzFkMzUlMjUzQTB4MWM3MzYxYjVhNTNlYmUxNiUyMTJzRGVzY2FydGVzJTJCNjYlMjUyQyUyQkFuenVyZXMlMjUyQyUyQjExNTkwJTJCQ2l1ZGFkJTJCZGUlMkJNJTI1QzMlMjVBOXhpY28lMjUyQyUyQkNETVglMjE1ZTAlMjEzbTIlMjExc2VzLTQxOSUyMTJzbXglMjE0djE0ODMzODczNTA4NzklMjIlMjB3aWR0aCUzRCUyMjYwMCUyMiUyMGhlaWdodCUzRCUyMjQ1MCUyMiUyMGZyYW1lYm9yZGVyJTNEJTIyMCUyMiUyMHN0eWxlJTNEJTIyYm9yZGVyJTNBMCUyMiUyMGFsbG93ZnVsbHNjcmVlbiUzRSUzQyUyRmlmcmFtZSUzRQ==&#8221; title=&#8221;Gravity Studio Polanco&#8221;][\/vc_column][\/vc_row]<\/p>\n","protected":false},"excerpt":{"rendered":"<p>[vc_row full_height=&#8221;yes&#8221; parallax_content=&#8221;parallax_content_value&#8221; animation_type=&#8221;fadeInDown&#8221;][vc_column][vc_column_text][\/vc_column_text][\/vc_column][\/vc_row][vc_row animation_type=&#8221;fadeInLeft&#8221;][vc_column][vc_column_text] Nuestro Estudio Ubicado en Descartes 66 (entre Darwin y Victor Hugo) Col. Anzures C.P. 11590, atr\u00e1s del Hotel Camino Real, Ubicado en el coraz\u00f3n de la zona poniente de la CDMX, aqu\u00ed se llevan a cabo la mayor\u00eda de nuestras clases, capacitaciones para instructoras y talleres. Sede de nuestro corporativo [&hellip;]<\/p>\n","protected":false},"author":1,"featured_media":0,"parent":0,"menu_order":0,"comment_status":"closed","ping_status":"closed","template":"","meta":[],"_links":{"self":[{"href":"https:\/\/www.gravitystudio.com.mx\/site\/wp-json\/wp\/v2\/pages\/3951"}],"collection":[{"href":"https:\/\/www.gravitystudio.com.mx\/site\/wp-json\/wp\/v2\/pages"}],"about":[{"href":"https:\/\/www.gravitystudio.com.mx\/site\/wp-json\/wp\/v2\/types\/page"}],"author":[{"embeddable":true,"href":"https:\/\/www.gravitystudio.com.mx\/site\/wp-json\/wp\/v2\/users\/1"}],"replies":[{"embeddable":true,"href":"https:\/\/www.gravitystudio.com.mx\/site\/wp-json\/wp\/v2\/comments?post=3951"}],"version-history":[{"count":10,"href":"https:\/\/www.gravitystudio.com.mx\/site\/wp-json\/wp\/v2\/pages\/3951\/revisions"}],"predecessor-version":[{"id":4427,"href":"https:\/\/www.gravitystudio.com.mx\/site\/wp-json\/wp\/v2\/pages\/3951\/revisions\/4427"}],"wp:attachment":[{"href":"https:\/\/www.gravitystudio.com.mx\/site\/wp-json\/wp\/v2\/media?parent=3951"}],"curies":[{"name":"wp","href":"https:\/\/api.w.org\/{rel}","templated":true}]}}