{"id":3956,"date":"2015-11-13T16:39:10","date_gmt":"2015-11-13T22:39:10","guid":{"rendered":"http:\/\/www.gravitystudio.com.mx\/site\/?page_id=3956"},"modified":"2016-11-25T14:09:26","modified_gmt":"2016-11-25T20:09:26","slug":"gravity-satelite","status":"publish","type":"page","link":"https:\/\/www.gravitystudio.com.mx\/site\/gravity-satelite\/","title":{"rendered":"Gravity Sat\u00e9lite"},"content":{"rendered":"<p>[vc_row full_height=&#8221;yes&#8221; animation_type=&#8221;fadeInDown&#8221;][vc_column][vc_column_text]<a href=\"http:\/\/www.gravitystudio.com.mx\/site\/wp-content\/uploads\/2015\/11\/gravitySateliteStudio1.jpg\" rel=\"attachment wp-att-4319\"><img decoding=\"async\" loading=\"lazy\" class=\"aligncenter size-full wp-image-4319\" src=\"http:\/\/www.gravitystudio.com.mx\/site\/wp-content\/uploads\/2015\/11\/gravitySateliteStudio1.jpg\" alt=\"gravitySateliteStudio1\" width=\"2048\" height=\"896\" srcset=\"https:\/\/www.gravitystudio.com.mx\/site\/wp-content\/uploads\/2015\/11\/gravitySateliteStudio1.jpg 2048w, https:\/\/www.gravitystudio.com.mx\/site\/wp-content\/uploads\/2015\/11\/gravitySateliteStudio1-768x336.jpg 768w, https:\/\/www.gravitystudio.com.mx\/site\/wp-content\/uploads\/2015\/11\/gravitySateliteStudio1-1024x448.jpg 1024w\" sizes=\"(max-width: 2048px) 100vw, 2048px\" \/><\/a><\/p>\n<h2><\/h2>\n<p>[\/vc_column_text][\/vc_column][\/vc_row][vc_row animation_type=&#8221;fadeInLeft&#8221;][vc_column][vc_column_text]<\/p>\n<h2>Nuestro Estudio<\/h2>\n<p>El Pole Fitness es una forma divertida y efectiva de ponerse en forma, logrando el equilibrio entre la fuerza, flexibilidad, sensualidad y autoestima, no importa tu edad, peso, talla o condicion fisica, solo es cuestion de actitud!!.<\/p>\n<p>La capacitacion para las instructoras de Gravity Studio es la \u00fanica en M\u00e9xico que est\u00e1 avalada por la Aerobics and Fitness Association of America ( AFAA ) en Estados Unidos, ademas de tener un programa de capacitaci\u00f3n continua y\u00a0 para completar tu entrenamiento contamos con clases de TRX y talleres de Flexibilidad de manera continua.<\/p>\n<p>Ubicado en Av. Convento de Santa M\u00f3nica #106 (locales 125 y 126), Col. Jardines de Santa M\u00f3nica. Tlanepantla de Baz, Estado de M\u00e9xico<\/p>\n<p>Ven a volar con nosotras!!![\/vc_column_text][vc_empty_space height=&#8221;15px&#8221;][vc_gallery type=&#8221;image_grid&#8221; images=&#8221;4419,4418&#8243; img_size=&#8221;400&#215;388&#8243; onclick=&#8221;&#8221;][\/vc_column][\/vc_row][vc_row][vc_column][vc_text_separator title=&#8221;Nuestras redes&#8221; color=&#8221;violet&#8221; border_width=&#8221;3&#8243;][\/vc_column][\/vc_row][vc_row][vc_column width=&#8221;1\/4&#8243;][vc_empty_space][\/vc_column][vc_column width=&#8221;1\/4&#8243;][vc_single_image image=&#8221;4284&#8243; img_size=&#8221;100&#215;100&#8243; alignment=&#8221;center&#8221; onclick=&#8221;custom_link&#8221; img_link_target=&#8221;_blank&#8221; css_animation=&#8221;appear&#8221; link=&#8221;http:\/\/www.twitter.com\/GravitySatelite&#8221;][\/vc_column][vc_column width=&#8221;1\/4&#8243;][vc_single_image image=&#8221;4283&#8243; img_size=&#8221;100&#215;100&#8243; alignment=&#8221;center&#8221; onclick=&#8221;custom_link&#8221; img_link_target=&#8221;_blank&#8221; css_animation=&#8221;appear&#8221; link=&#8221;https:\/\/www.facebook.com\/GravityStudioSatelite\/?ref=ts&amp;fref=ts&#8221;][\/vc_column][vc_column width=&#8221;1\/4&#8243;][vc_empty_space][\/vc_column][\/vc_row][vc_row][vc_column][vc_gmaps link=&#8221;#E-8_JTNDaWZyYW1lJTIwc3JjJTNEJTIyaHR0cHMlM0ElMkYlMkZ3d3cuZ29vZ2xlLmNvbSUyRm1hcHMlMkZlbWJlZCUzRnBiJTNEJTIxMW0xOCUyMTFtMTIlMjExbTMlMjExZDkyNi41NTY4Mzc3ODkyOTg2JTIxMmQtOTkuMjI3NTQyNjAyMDY1ODIlMjEzZDE5LjUzNTc4MzY3OTQyNjI1JTIxMm0zJTIxMWYwJTIxMmYwJTIxM2YwJTIxM20yJTIxMWkxMDI0JTIxMmk3NjglMjE0ZjEzLjElMjEzbTMlMjExbTIlMjExczB4ODVkMjFkMjU5NTZiM2I0MSUyNTNBMHgxNDIzZmE2MDk3M2Y3MWYxJTIxMnNBdiUyQkNvbnZlbnRvJTJCZGUlMkJTdGElMkJNb25pY2ElMkIxMDYlMjUyQyUyQkhhYiUyQkphcmRpbmVzJTJCZGUlMkJTYW50YSUyQk1vbmljYSUyNTJDJTJCNTQwNTAlMkJUbGFsbmVwYW50bGElMjUyQyUyQk0lMjVDMyUyNUE5eC4lMjE1ZTAlMjEzbTIlMjExc2VzLTQxOSUyMTJzbXglMjE0djE0NzAzMjY0NTQ1MDIlMjIlMjB3aWR0aCUzRCUyMjYwMCUyMiUyMGhlaWdodCUzRCUyMjQ1MCUyMiUyMGZyYW1lYm9yZGVyJTNEJTIyMCUyMiUyMHN0eWxlJTNEJTIyYm9yZGVyJTNBMCUyMiUyMGFsbG93ZnVsbHNjcmVlbiUzRSUzQyUyRmlmcmFtZSUzRQ==&#8221;][\/vc_column][\/vc_row]<\/p>\n","protected":false},"excerpt":{"rendered":"<p>[vc_row full_height=&#8221;yes&#8221; animation_type=&#8221;fadeInDown&#8221;][vc_column][vc_column_text] [\/vc_column_text][\/vc_column][\/vc_row][vc_row animation_type=&#8221;fadeInLeft&#8221;][vc_column][vc_column_text] Nuestro Estudio El Pole Fitness es una forma divertida y efectiva de ponerse en forma, logrando el equilibrio entre la fuerza, flexibilidad, sensualidad y autoestima, no importa tu edad, peso, talla o condicion fisica, solo es cuestion de actitud!!. La capacitacion para las instructoras de Gravity Studio es la \u00fanica [&hellip;]<\/p>\n","protected":false},"author":1,"featured_media":0,"parent":0,"menu_order":0,"comment_status":"closed","ping_status":"closed","template":"","meta":[],"_links":{"self":[{"href":"https:\/\/www.gravitystudio.com.mx\/site\/wp-json\/wp\/v2\/pages\/3956"}],"collection":[{"href":"https:\/\/www.gravitystudio.com.mx\/site\/wp-json\/wp\/v2\/pages"}],"about":[{"href":"https:\/\/www.gravitystudio.com.mx\/site\/wp-json\/wp\/v2\/types\/page"}],"author":[{"embeddable":true,"href":"https:\/\/www.gravitystudio.com.mx\/site\/wp-json\/wp\/v2\/users\/1"}],"replies":[{"embeddable":true,"href":"https:\/\/www.gravitystudio.com.mx\/site\/wp-json\/wp\/v2\/comments?post=3956"}],"version-history":[{"count":10,"href":"https:\/\/www.gravitystudio.com.mx\/site\/wp-json\/wp\/v2\/pages\/3956\/revisions"}],"predecessor-version":[{"id":4424,"href":"https:\/\/www.gravitystudio.com.mx\/site\/wp-json\/wp\/v2\/pages\/3956\/revisions\/4424"}],"wp:attachment":[{"href":"https:\/\/www.gravitystudio.com.mx\/site\/wp-json\/wp\/v2\/media?parent=3956"}],"curies":[{"name":"wp","href":"https:\/\/api.w.org\/{rel}","templated":true}]}}