{"id":3986,"date":"2015-11-17T11:51:18","date_gmt":"2015-11-17T17:51:18","guid":{"rendered":"http:\/\/www.gravitystudio.com.mx\/site\/?page_id=3986"},"modified":"2016-01-22T12:37:15","modified_gmt":"2016-01-22T18:37:15","slug":"despedida-de-soltera","status":"publish","type":"page","link":"https:\/\/www.gravitystudio.com.mx\/site\/despedida-de-soltera\/","title":{"rendered":"Despedida de Soltera"},"content":{"rendered":"<p>[vc_row animation_type=&#8221;fadeInDown&#8221;][vc_column][vc_single_image image=&#8221;4334&#8243; img_size=&#8221;large&#8221; alignment=&#8221;center&#8221;][\/vc_column][\/vc_row][vc_row animation_type=&#8221;fadeInLeft&#8221;][vc_column][vc_column_text]<\/p>\n<h1>Despedida de Soltera<\/h1>\n<p>La despedida de soltera en Gravity Pole Fitness Studio es un evento \u00fanico en M\u00e9xico, dise\u00f1ado especialmente para celebrar lo que solo organizas una vez, o dos o tres: Tu boda!<\/p>\n<p>Comparte una clase completa de pole fitness, striptease o silla con tus amigas en nuestros estudios.<\/p>\n<p>Una hora y media de clase donde podr\u00e1n conocer el formato de nuestras clase y bailar una coreograf\u00eda completa utilizando movimientos de piso, transici\u00f3n y un giro b\u00e1sico si eliges una despedida con pole, tambi\u00e9n podr\u00e1s hacer coreograf\u00eda con silla o aprender a hacer un striptease. Se requiere de un pago m\u00ednimo de 8 personas y hasta un m\u00e1ximo de 20 personas en cada estudio.<\/p>\n<p>Ninguna de tus amigas necesita ser campeona de fitness, s\u00f3lo hace falta traer un par de tenis, unos pants y ver\u00e1s c\u00f3mo ese outfit lucir\u00e1 m\u00e1s sexy que nunca.<\/p>\n<p>&nbsp;<\/p>\n<p>Costo por persona: <strong>$440.00 pesos<\/strong><\/p>\n<p>Se requiere un <strong>50%<\/strong> de anticipo para apartar la fecha con por lo menos una semana de anticipaci\u00f3n.<\/p>\n<p>Reserva el espacio para tu despedida de soltera directamente en la sucursal m\u00e1s cercana o env\u00edanos un mail a <a href=\"mailto:despedidadesoltera@gravitystudio.com.mx\">despedidadesoltera@gravitystudio.com.mx<\/a><\/p>\n<p>&nbsp;<\/p>\n<p>Tambi\u00e9n contamos con despedidas de soltera a domicilio. Pide una cotizaci\u00f3n a nuestro mail.[\/vc_column_text][vc_message message_box_color=&#8221;violet&#8221;]<\/p>\n<ul class=\"ul1\">\n<li class=\"li1\">Todas las clases son de car\u00e1cter personal e intransferible.<\/li>\n<li class=\"li1\">Por su seguridad, tenemos una tolerancia m\u00e1xima de 15 minutos para ingresar a la clase despu\u00e9s de comenzada. Pasado este tiempo no se permitir\u00e1 el ingreso sin excepci\u00f3n.<\/li>\n<\/ul>\n<ul class=\"ul1\">\n<li class=\"li1\">NO hay reembolsos o cambios en horarios previamente reservados.<\/li>\n<\/ul>\n<ul class=\"ul1\">\n<li class=\"li1\">Las clases no se recorren en caso de caer en d\u00eda festivo o no laborable. por enfermedad o indisposici\u00f3n de la alumna por lo que es responsabilidad de las alumnas el reponer dichas clases antes de que acabe su nivel corriente.<\/li>\n<\/ul>\n<p class=\"p1\"><b>Las clases, horarios &amp; precios pueden cambiar sin previo aviso<\/b>.<\/p>\n<p>[\/vc_message][\/vc_column][\/vc_row]<\/p>\n","protected":false},"excerpt":{"rendered":"<p>[vc_row animation_type=&#8221;fadeInDown&#8221;][vc_column][vc_single_image image=&#8221;4334&#8243; img_size=&#8221;large&#8221; alignment=&#8221;center&#8221;][\/vc_column][\/vc_row][vc_row animation_type=&#8221;fadeInLeft&#8221;][vc_column][vc_column_text] Despedida de Soltera La despedida de soltera en Gravity Pole Fitness Studio es un evento \u00fanico en M\u00e9xico, dise\u00f1ado especialmente para celebrar lo que solo organizas una vez, o dos o tres: Tu boda! Comparte una clase completa de pole fitness, striptease o silla con tus amigas en nuestros [&hellip;]<\/p>\n","protected":false},"author":1,"featured_media":0,"parent":0,"menu_order":0,"comment_status":"closed","ping_status":"closed","template":"","meta":[],"_links":{"self":[{"href":"https:\/\/www.gravitystudio.com.mx\/site\/wp-json\/wp\/v2\/pages\/3986"}],"collection":[{"href":"https:\/\/www.gravitystudio.com.mx\/site\/wp-json\/wp\/v2\/pages"}],"about":[{"href":"https:\/\/www.gravitystudio.com.mx\/site\/wp-json\/wp\/v2\/types\/page"}],"author":[{"embeddable":true,"href":"https:\/\/www.gravitystudio.com.mx\/site\/wp-json\/wp\/v2\/users\/1"}],"replies":[{"embeddable":true,"href":"https:\/\/www.gravitystudio.com.mx\/site\/wp-json\/wp\/v2\/comments?post=3986"}],"version-history":[{"count":6,"href":"https:\/\/www.gravitystudio.com.mx\/site\/wp-json\/wp\/v2\/pages\/3986\/revisions"}],"predecessor-version":[{"id":4373,"href":"https:\/\/www.gravitystudio.com.mx\/site\/wp-json\/wp\/v2\/pages\/3986\/revisions\/4373"}],"wp:attachment":[{"href":"https:\/\/www.gravitystudio.com.mx\/site\/wp-json\/wp\/v2\/media?parent=3986"}],"curies":[{"name":"wp","href":"https:\/\/api.w.org\/{rel}","templated":true}]}}