{"id":3990,"date":"2015-11-17T11:54:33","date_gmt":"2015-11-17T17:54:33","guid":{"rendered":"http:\/\/www.gravitystudio.com.mx\/site\/?page_id=3990"},"modified":"2016-01-22T12:42:22","modified_gmt":"2016-01-22T18:42:22","slug":"taller-de-flexibilidad-y-tecnicas-de-contorsion","status":"publish","type":"page","link":"https:\/\/www.gravitystudio.com.mx\/site\/taller-de-flexibilidad-y-tecnicas-de-contorsion\/","title":{"rendered":"Taller de Flexibilidad y T\u00e9cnicas de Contorsi\u00f3n"},"content":{"rendered":"<p>[vc_row animation_type=&#8221;fadeInDown&#8221;][vc_column][vc_single_image image=&#8221;4336&#8243; img_size=&#8221;large&#8221; alignment=&#8221;center&#8221;][\/vc_column][\/vc_row][vc_row animation_type=&#8221;fadeInLeft&#8221;][vc_column][vc_column_text]<\/p>\n<h1>Taller de Flexibilidad y T\u00e9cnicas de Contorsi\u00f3n<\/h1>\n<p>La flexibilidad en los m\u00fasculos nos protege de lesiones y al mismo tiempo nos permite mejorar nuestra pr\u00e1ctica deportiva diaria, sin importar qu\u00e9 actividad se realice. Debido al grado de dificultad en flexibilidad y contorsi\u00f3n que presentan algunos movimientos en el pole fitness, organizamos este taller para ti.<\/p>\n<p>&nbsp;<\/p>\n<p>Estos talleres est\u00e1n dirigidos a todo p\u00fablico, sin importar el nivel de fuerza, condici\u00f3n f\u00edsica o la flexibilidad\/elasticidad con que ya cuentes.<br \/>\nSe dar\u00e1 material para aprender a trabajar la elasticidad de los m\u00fasculos y la flexibilidad articular de una manera segura y efectiva para llevarla a la pr\u00e1ctica en cualquier actividad f\u00edsica que se desempe\u00f1e, en la vida diaria o simplemente para incrementar la salud de tu cuerpo.<\/p>\n<p>La duraci\u00f3n del taller es de 6 u 8 horas dividido en dos d\u00edas, dependiendo el instructor.<\/p>\n<p>&nbsp;<\/p>\n<p>Estos talleres se organizan a trav\u00e9s de la Federaci\u00f3n Mexicana de Pole Fitness, por lo que te invitamos a llamarnos para preguntar por la fecha pr\u00f3xima en la que se impartir\u00e1. Comun\u00edcate al 5282-2710 o env\u00edanos un mail a <a href=\"mailto:info@femexpole.org.mx\">info@femexpole.org.mx<\/a><\/p>\n<p>&nbsp;<\/p>\n<h2><strong>Costo de taller:<\/strong><\/h2>\n<p><strong>6 horas &#8211; $1,000.00 pesos <\/strong>afiliados Femexpole<\/p>\n<p><strong>8 horas &#8211; $1,400.00 pesos <\/strong>afiliados Femexpole<\/p>\n<p><strong>6 horas &#8211; $1,400.00 pesos<\/strong> p\u00fablico en general<\/p>\n<p><strong>8 horas &#8211; $1,960.00 pesos <\/strong>p\u00fablico en general[\/vc_column_text][vc_message message_box_color=&#8221;violet&#8221;]<\/p>\n<ul class=\"ul1\">\n<li class=\"li1\">Todas las clases son de car\u00e1cter personal e intransferible.<\/li>\n<li class=\"li1\">Por su seguridad, tenemos una tolerancia m\u00e1xima de 15 minutos para ingresar a la clase despu\u00e9s de comenzada. Pasado este tiempo no se permitir\u00e1 el ingreso sin excepci\u00f3n.<\/li>\n<\/ul>\n<ul class=\"ul1\">\n<li class=\"li1\">NO hay reembolsos o cambios en horarios previamente reservados.<\/li>\n<\/ul>\n<ul class=\"ul1\">\n<li class=\"li1\">Las clases no se recorren en caso de caer en d\u00eda festivo o no laborable. por enfermedad o indisposici\u00f3n de la alumna por lo que es responsabilidad de las alumnas el reponer dichas clases antes de que acabe su nivel corriente.<\/li>\n<\/ul>\n<p class=\"p1\"><b>Las clases, horarios &amp; precios pueden cambiar sin previo aviso<\/b>.<\/p>\n<p>[\/vc_message][\/vc_column][\/vc_row]<\/p>\n","protected":false},"excerpt":{"rendered":"<p>[vc_row animation_type=&#8221;fadeInDown&#8221;][vc_column][vc_single_image image=&#8221;4336&#8243; img_size=&#8221;large&#8221; alignment=&#8221;center&#8221;][\/vc_column][\/vc_row][vc_row animation_type=&#8221;fadeInLeft&#8221;][vc_column][vc_column_text] Taller de Flexibilidad y T\u00e9cnicas de Contorsi\u00f3n La flexibilidad en los m\u00fasculos nos protege de lesiones y al mismo tiempo nos permite mejorar nuestra pr\u00e1ctica deportiva diaria, sin importar qu\u00e9 actividad se realice. Debido al grado de dificultad en flexibilidad y contorsi\u00f3n que presentan algunos movimientos en el pole [&hellip;]<\/p>\n","protected":false},"author":1,"featured_media":0,"parent":0,"menu_order":0,"comment_status":"closed","ping_status":"closed","template":"","meta":[],"_links":{"self":[{"href":"https:\/\/www.gravitystudio.com.mx\/site\/wp-json\/wp\/v2\/pages\/3990"}],"collection":[{"href":"https:\/\/www.gravitystudio.com.mx\/site\/wp-json\/wp\/v2\/pages"}],"about":[{"href":"https:\/\/www.gravitystudio.com.mx\/site\/wp-json\/wp\/v2\/types\/page"}],"author":[{"embeddable":true,"href":"https:\/\/www.gravitystudio.com.mx\/site\/wp-json\/wp\/v2\/users\/1"}],"replies":[{"embeddable":true,"href":"https:\/\/www.gravitystudio.com.mx\/site\/wp-json\/wp\/v2\/comments?post=3990"}],"version-history":[{"count":8,"href":"https:\/\/www.gravitystudio.com.mx\/site\/wp-json\/wp\/v2\/pages\/3990\/revisions"}],"predecessor-version":[{"id":4376,"href":"https:\/\/www.gravitystudio.com.mx\/site\/wp-json\/wp\/v2\/pages\/3990\/revisions\/4376"}],"wp:attachment":[{"href":"https:\/\/www.gravitystudio.com.mx\/site\/wp-json\/wp\/v2\/media?parent=3990"}],"curies":[{"name":"wp","href":"https:\/\/api.w.org\/{rel}","templated":true}]}}