{"id":3994,"date":"2015-11-17T12:04:29","date_gmt":"2015-11-17T18:04:29","guid":{"rendered":"http:\/\/www.gravitystudio.com.mx\/site\/?page_id=3994"},"modified":"2016-01-22T12:32:07","modified_gmt":"2016-01-22T18:32:07","slug":"taller-de-striptease","status":"publish","type":"page","link":"https:\/\/www.gravitystudio.com.mx\/site\/taller-de-striptease\/","title":{"rendered":"Taller de Striptease"},"content":{"rendered":"<p>[vc_row animation_type=&#8221;fadeInDown&#8221;][vc_column][vc_single_image image=&#8221;4340&#8243; img_size=&#8221;large&#8221; alignment=&#8221;center&#8221;][\/vc_column][\/vc_row][vc_row animation_type=&#8221;fadeInLeft&#8221;][vc_column][vc_column_text]<\/p>\n<h1>Taller de Striptease<\/h1>\n<p>El taller de striptease se organiza 2 o tres veces al a\u00f1o de forma regular. Puedes enviarnos un mail a <a href=\"mailto:info@gravitystudio.com.mx\">info@gravitystudio.com.mx<\/a> para solicitar las fechas a trav\u00e9s de nuestro bolet\u00edn electr\u00f3nico o si quieres organizar uno para ti y tus amigas, solo llama para agendar la fecha.<\/p>\n<p>&nbsp;<\/p>\n<p>Disfruta de una clase de dos horas.<\/p>\n<p>Aprende a quitarte una blusa, una playera y una falda.<\/p>\n<p>No olvides los zapatos de tac\u00f3n m\u00e1s altos y sexys de tu closet.<\/p>\n<p>&nbsp;<\/p>\n<p><strong>Costo de recuperaci\u00f3n: $450.00 pesos por persona<\/strong><\/p>\n<p>Taller abierto al p\u00fablico en general<\/p>\n<p>Organiza un taller con tus amigas a partir de 6 personas.[\/vc_column_text][vc_message message_box_color=&#8221;violet&#8221;]<\/p>\n<ul class=\"ul1\">\n<li class=\"li1\">Todas las clases son de car\u00e1cter personal e intransferible.<\/li>\n<li class=\"li1\">Por su seguridad, tenemos una tolerancia m\u00e1xima de 15 minutos para ingresar a la clase despu\u00e9s de comenzada. Pasado este tiempo no se permitir\u00e1 el ingreso sin excepci\u00f3n.<\/li>\n<\/ul>\n<ul class=\"ul1\">\n<li class=\"li1\">NO hay reembolsos o cambios en horarios previamente reservados.<\/li>\n<\/ul>\n<ul class=\"ul1\">\n<li class=\"li1\">Las clases no se recorren en caso de caer en d\u00eda festivo o no laborable. por enfermedad o indisposici\u00f3n de la alumna por lo que es responsabilidad de las alumnas el reponer dichas clases antes de que acabe su nivel corriente.<\/li>\n<\/ul>\n<p class=\"p1\"><b>Las clases, horarios &amp; precios pueden cambiar sin previo aviso<\/b>.<\/p>\n<p>[\/vc_message][\/vc_column][\/vc_row]<\/p>\n","protected":false},"excerpt":{"rendered":"<p>[vc_row animation_type=&#8221;fadeInDown&#8221;][vc_column][vc_single_image image=&#8221;4340&#8243; img_size=&#8221;large&#8221; alignment=&#8221;center&#8221;][\/vc_column][\/vc_row][vc_row animation_type=&#8221;fadeInLeft&#8221;][vc_column][vc_column_text] Taller de Striptease El taller de striptease se organiza 2 o tres veces al a\u00f1o de forma regular. Puedes enviarnos un mail a info@gravitystudio.com.mx para solicitar las fechas a trav\u00e9s de nuestro bolet\u00edn electr\u00f3nico o si quieres organizar uno para ti y tus amigas, solo llama para agendar la [&hellip;]<\/p>\n","protected":false},"author":1,"featured_media":0,"parent":0,"menu_order":0,"comment_status":"closed","ping_status":"closed","template":"","meta":[],"_links":{"self":[{"href":"https:\/\/www.gravitystudio.com.mx\/site\/wp-json\/wp\/v2\/pages\/3994"}],"collection":[{"href":"https:\/\/www.gravitystudio.com.mx\/site\/wp-json\/wp\/v2\/pages"}],"about":[{"href":"https:\/\/www.gravitystudio.com.mx\/site\/wp-json\/wp\/v2\/types\/page"}],"author":[{"embeddable":true,"href":"https:\/\/www.gravitystudio.com.mx\/site\/wp-json\/wp\/v2\/users\/1"}],"replies":[{"embeddable":true,"href":"https:\/\/www.gravitystudio.com.mx\/site\/wp-json\/wp\/v2\/comments?post=3994"}],"version-history":[{"count":7,"href":"https:\/\/www.gravitystudio.com.mx\/site\/wp-json\/wp\/v2\/pages\/3994\/revisions"}],"predecessor-version":[{"id":4372,"href":"https:\/\/www.gravitystudio.com.mx\/site\/wp-json\/wp\/v2\/pages\/3994\/revisions\/4372"}],"wp:attachment":[{"href":"https:\/\/www.gravitystudio.com.mx\/site\/wp-json\/wp\/v2\/media?parent=3994"}],"curies":[{"name":"wp","href":"https:\/\/api.w.org\/{rel}","templated":true}]}}