{"id":4002,"date":"2015-11-17T12:17:42","date_gmt":"2015-11-17T18:17:42","guid":{"rendered":"http:\/\/www.gravitystudio.com.mx\/site\/?page_id=4002"},"modified":"2016-01-21T14:34:13","modified_gmt":"2016-01-21T20:34:13","slug":"trx","status":"publish","type":"page","link":"https:\/\/www.gravitystudio.com.mx\/site\/trx\/","title":{"rendered":"TRX\u00ae"},"content":{"rendered":"<p>[vc_row animation_type=&#8221;fadeInDown&#8221;][vc_column][vc_single_image image=&#8221;4323&#8243; img_size=&#8221;large&#8221; alignment=&#8221;center&#8221;][\/vc_column][\/vc_row][vc_row animation_type=&#8221;fadeInLeft&#8221;][vc_column][vc_column_text]<\/p>\n<h1 class=\"p1\">TRX\u00ae<\/h1>\n<blockquote>\n<p class=\"p1\">\u00a0Your body, your machine!<\/p>\n<\/blockquote>\n<h2 class=\"p1\">Polanco<\/h2>\n<p class=\"p3\">Para muchos, el peso corporal es un gran enemigo. Para otros, es la herramienta para ponerse en forma. Conoce el TRX, un novedoso m\u00e9todo de entrenamiento en suspensi\u00f3n inventado por los Navy SEAL.<\/p>\n<h4 class=\"p3\">Horarios:<\/h4>\n<ul>\n<li class=\"p5\">Lunes <strong>7:00pm<\/strong><\/li>\n<li class=\"p7\">Jueves <strong>7:00pm<\/strong><\/li>\n<li class=\"p7\">S\u00e1bado <strong>9:30am<\/strong><\/li>\n<li class=\"p7\">Domingo <strong>9:30am<\/strong><\/li>\n<\/ul>\n<h3 class=\"p7\">Inscripci\u00f3n: $800.00 pesos<\/h3>\n<h4 class=\"p9\"><strong>Pago por clase:<\/strong><\/h4>\n<p><strong>$\u00a0 80.00 pesos &#8211; <\/strong><em>alumnas Gravity Studio<\/em><\/p>\n<p class=\"p7\"><strong>$100.00 pesos<\/strong> &#8211; <em>p\u00fablico en general<\/em><\/p>\n<h4 class=\"p7\"><strong>Paquete <span class=\"s2\">14 clases<\/span> alumnas Gravity Studio: $950.00 pesos<\/strong><\/h4>\n<h4 class=\"p7\">Paquete <span class=\"s2\">12 clases<\/span> p\u00fablico en general: $950.00 pesos<\/h4>\n<p>&nbsp;<\/p>\n<hr \/>\n<p>&nbsp;<\/p>\n<h2 class=\"p1\">Sat\u00e9lite<\/h2>\n<h4 class=\"p1\">Pago por Clase.<\/h4>\n<h4 class=\"p1\">Horarios:<\/h4>\n<ul>\n<li class=\"p1\">Lunes <strong>6:00 pm<\/strong><\/li>\n<li class=\"p1\">Martes y jueves <strong>9:00 am<\/strong><\/li>\n<\/ul>\n<p>[\/vc_column_text][vc_message message_box_color=&#8221;violet&#8221;]<\/p>\n<ul class=\"ul1\">\n<li class=\"li1\">Todas las clases son de car\u00e1cter personal e intransferible.<\/li>\n<li class=\"li1\">Por su seguridad, tenemos una tolerancia m\u00e1xima de 15 minutos para ingresar a la clase despu\u00e9s de comenzada. Pasado este tiempo no se permitir\u00e1 el ingreso sin excepci\u00f3n.<\/li>\n<\/ul>\n<ul class=\"ul1\">\n<li class=\"li1\">NO hay reembolsos o cambios en horarios previamente reservados.<\/li>\n<\/ul>\n<ul class=\"ul1\">\n<li class=\"li1\">Las clases no se recorren en caso de caer en d\u00eda festivo o no laborable. por enfermedad o indisposici\u00f3n de la alumna por lo que es responsabilidad de las alumnas el reponer dichas clases antes de que acabe su nivel corriente.<\/li>\n<\/ul>\n<p class=\"p1\"><b>Las clases, horarios &amp; precios pueden cambiar sin previo aviso<\/b>.<\/p>\n<p>[\/vc_message][\/vc_column][\/vc_row]<\/p>\n","protected":false},"excerpt":{"rendered":"<p>[vc_row animation_type=&#8221;fadeInDown&#8221;][vc_column][vc_single_image image=&#8221;4323&#8243; img_size=&#8221;large&#8221; alignment=&#8221;center&#8221;][\/vc_column][\/vc_row][vc_row animation_type=&#8221;fadeInLeft&#8221;][vc_column][vc_column_text] TRX\u00ae \u00a0Your body, your machine! Polanco Para muchos, el peso corporal es un gran enemigo. Para otros, es la herramienta para ponerse en forma. Conoce el TRX, un novedoso m\u00e9todo de entrenamiento en suspensi\u00f3n inventado por los Navy SEAL. Horarios: Lunes 7:00pm Jueves 7:00pm S\u00e1bado 9:30am Domingo 9:30am Inscripci\u00f3n: [&hellip;]<\/p>\n","protected":false},"author":1,"featured_media":0,"parent":0,"menu_order":0,"comment_status":"closed","ping_status":"closed","template":"","meta":[],"_links":{"self":[{"href":"https:\/\/www.gravitystudio.com.mx\/site\/wp-json\/wp\/v2\/pages\/4002"}],"collection":[{"href":"https:\/\/www.gravitystudio.com.mx\/site\/wp-json\/wp\/v2\/pages"}],"about":[{"href":"https:\/\/www.gravitystudio.com.mx\/site\/wp-json\/wp\/v2\/types\/page"}],"author":[{"embeddable":true,"href":"https:\/\/www.gravitystudio.com.mx\/site\/wp-json\/wp\/v2\/users\/1"}],"replies":[{"embeddable":true,"href":"https:\/\/www.gravitystudio.com.mx\/site\/wp-json\/wp\/v2\/comments?post=4002"}],"version-history":[{"count":9,"href":"https:\/\/www.gravitystudio.com.mx\/site\/wp-json\/wp\/v2\/pages\/4002\/revisions"}],"predecessor-version":[{"id":4370,"href":"https:\/\/www.gravitystudio.com.mx\/site\/wp-json\/wp\/v2\/pages\/4002\/revisions\/4370"}],"wp:attachment":[{"href":"https:\/\/www.gravitystudio.com.mx\/site\/wp-json\/wp\/v2\/media?parent=4002"}],"curies":[{"name":"wp","href":"https:\/\/api.w.org\/{rel}","templated":true}]}}