{"id":4006,"date":"2015-11-17T12:20:35","date_gmt":"2015-11-17T18:20:35","guid":{"rendered":"http:\/\/www.gravitystudio.com.mx\/site\/?page_id=4006"},"modified":"2016-01-15T13:19:15","modified_gmt":"2016-01-15T19:19:15","slug":"contacto","status":"publish","type":"page","link":"https:\/\/www.gravitystudio.com.mx\/site\/contacto\/","title":{"rendered":"Contacto"},"content":{"rendered":"<p>[vc_row animation_type=&#8221;fadeInLeft&#8221;][vc_column][vc_column_text]<\/p>\n<h1>Contacto<\/h1>\n<p>En Gravity Pole Fitness Studio nos interesa difundir esta actividad con responsabilidad y cuidando los detalles de nuestras clases.<\/p>\n<div>Si tienes alguna duda acerca de la informaci\u00f3n que te hemos proporcionado puedes contactarnos directamente por tel\u00e9fono o correo electr\u00f3nico en cualquiera de nuestras sucursales.<\/div>\n<p>Recibimos cientos de mails todos los d\u00edas de todas partes de la Rep\u00fablica Mexicana por lo que nuestro tiempo de respuesta a trav\u00e9s de correo electr\u00f3nico es entre 24 y 48 horas para informaci\u00f3n en el D.F. y entre 48 y 72 horas para el resto de la Rep\u00fablica Mexicana.<\/p>\n<p>&nbsp;<\/p>\n<h2><\/h2>\n<p>[\/vc_column_text][\/vc_column][\/vc_row][vc_row][vc_column width=&#8221;1\/2&#8243; animation_type=&#8221;fadeInRight&#8221;]\n<div class=\"wpcf7 no-js\" id=\"wpcf7-f4011-o1\" lang=\"\" dir=\"ltr\">\n<div class=\"screen-reader-response\"><p role=\"status\" aria-live=\"polite\" aria-atomic=\"true\"><\/p> <ul><\/ul><\/div>\n<form action=\"\/site\/wp-json\/wp\/v2\/pages\/4006#wpcf7-f4011-o1\" method=\"post\" class=\"wpcf7-form init\" aria-label=\"Formulario de contacto\" novalidate=\"novalidate\" data-status=\"init\">\n<div style=\"display: none;\">\n<input type=\"hidden\" name=\"_wpcf7\" value=\"4011\" \/>\n<input type=\"hidden\" name=\"_wpcf7_version\" value=\"5.7.6\" \/>\n<input type=\"hidden\" name=\"_wpcf7_locale\" value=\"\" \/>\n<input type=\"hidden\" name=\"_wpcf7_unit_tag\" value=\"wpcf7-f4011-o1\" \/>\n<input type=\"hidden\" name=\"_wpcf7_container_post\" value=\"0\" \/>\n<input type=\"hidden\" name=\"_wpcf7_posted_data_hash\" value=\"\" \/>\n<\/div>\n<p>Nombre*\n<\/p>\n<p><span class=\"wpcf7-form-control-wrap\" data-name=\"your-name\"><input size=\"40\" class=\"wpcf7-form-control wpcf7-text wpcf7-validates-as-required\" aria-required=\"true\" aria-invalid=\"false\" value=\"\" type=\"text\" name=\"your-name\" \/><\/span>\n<\/p>\n<p>Email*\n<\/p>\n<p><span class=\"wpcf7-form-control-wrap\" data-name=\"your-email\"><input size=\"40\" class=\"wpcf7-form-control wpcf7-text wpcf7-email wpcf7-validates-as-required wpcf7-validates-as-email\" aria-required=\"true\" aria-invalid=\"false\" value=\"\" type=\"email\" name=\"your-email\" \/><\/span>\n<\/p>\n<p>Asunto\n<\/p>\n<p><span class=\"wpcf7-form-control-wrap\" data-name=\"your-subject\"><input size=\"40\" class=\"wpcf7-form-control wpcf7-text\" aria-invalid=\"false\" value=\"\" type=\"text\" name=\"your-subject\" \/><\/span>\n<\/p>\n<p>Mensaje\n<\/p>\n<p><span class=\"wpcf7-form-control-wrap\" data-name=\"your-message\"><textarea cols=\"40\" rows=\"10\" class=\"wpcf7-form-control wpcf7-textarea\" aria-invalid=\"false\" name=\"your-message\"><\/textarea><\/span>\n<\/p>\n<p><input class=\"wpcf7-form-control has-spinner wpcf7-submit\" type=\"submit\" value=\"Enviar\" \/>\n<\/p><div class=\"wpcf7-response-output\" aria-hidden=\"true\"><\/div>\n<\/form>\n<\/div>\n[\/vc_column][vc_column width=&#8221;1\/2&#8243; animation_type=&#8221;fadeInLeft&#8221;][vc_column_text]<\/p>\n<h2>Conoce a nuestra nutri\u00f3loga.<\/h2>\n<p><a href=\"http:\/\/solsigal.com\"><img decoding=\"async\" loading=\"lazy\" class=\"size-full wp-image-4014 alignleft\" src=\"http:\/\/www.gravitystudio.com.mx\/site\/wp-content\/uploads\/2015\/11\/logosolsigal.jpg\" alt=\"logosolsigal\" width=\"160\" height=\"185\" \/><\/a><\/p>\n<p>[\/vc_column_text][\/vc_column][\/vc_row]<\/p>\n","protected":false},"excerpt":{"rendered":"<p>[vc_row animation_type=&#8221;fadeInLeft&#8221;][vc_column][vc_column_text] Contacto En Gravity Pole Fitness Studio nos interesa difundir esta actividad con responsabilidad y cuidando los detalles de nuestras clases. Si tienes alguna duda acerca de la informaci\u00f3n que te hemos proporcionado puedes contactarnos directamente por tel\u00e9fono o correo electr\u00f3nico en cualquiera de nuestras sucursales. Recibimos cientos de mails todos los d\u00edas de [&hellip;]<\/p>\n","protected":false},"author":1,"featured_media":0,"parent":0,"menu_order":0,"comment_status":"closed","ping_status":"closed","template":"","meta":[],"_links":{"self":[{"href":"https:\/\/www.gravitystudio.com.mx\/site\/wp-json\/wp\/v2\/pages\/4006"}],"collection":[{"href":"https:\/\/www.gravitystudio.com.mx\/site\/wp-json\/wp\/v2\/pages"}],"about":[{"href":"https:\/\/www.gravitystudio.com.mx\/site\/wp-json\/wp\/v2\/types\/page"}],"author":[{"embeddable":true,"href":"https:\/\/www.gravitystudio.com.mx\/site\/wp-json\/wp\/v2\/users\/1"}],"replies":[{"embeddable":true,"href":"https:\/\/www.gravitystudio.com.mx\/site\/wp-json\/wp\/v2\/comments?post=4006"}],"version-history":[{"count":10,"href":"https:\/\/www.gravitystudio.com.mx\/site\/wp-json\/wp\/v2\/pages\/4006\/revisions"}],"predecessor-version":[{"id":4364,"href":"https:\/\/www.gravitystudio.com.mx\/site\/wp-json\/wp\/v2\/pages\/4006\/revisions\/4364"}],"wp:attachment":[{"href":"https:\/\/www.gravitystudio.com.mx\/site\/wp-json\/wp\/v2\/media?parent=4006"}],"curies":[{"name":"wp","href":"https:\/\/api.w.org\/{rel}","templated":true}]}}