{"id":4065,"date":"2015-11-20T17:03:34","date_gmt":"2015-11-20T23:03:34","guid":{"rendered":"http:\/\/www.gravitystudio.com.mx\/site\/?page_id=4065"},"modified":"2016-10-20T10:51:30","modified_gmt":"2016-10-20T16:51:30","slug":"nosotros","status":"publish","type":"page","link":"https:\/\/www.gravitystudio.com.mx\/site\/nosotros\/","title":{"rendered":"Nosotros"},"content":{"rendered":"<p>[vc_row animation_type=&#8221;fadeInDown&#8221;][vc_column section_text_color=&#8221;dark&#8221;][vc_single_image image=&#8221;4257&#8243; img_size=&#8221;large&#8221; alignment=&#8221;center&#8221;][\/vc_column][\/vc_row][vc_row animation_type=&#8221;fadeInLeft&#8221;][vc_column][vc_column_text]<\/p>\n<p class=\"p1\">Ofrecemos acondicionamiento f\u00edsico, a trav\u00e9s de clases de Pole Sports, con base en un m\u00e9todo progresivo, efectivo y seguro, dise\u00f1ado a partir de un programa de integraci\u00f3n, capacitaci\u00f3n, innovaci\u00f3n y certificaci\u00f3n continua con aval internacional, que permite generar conciencia de tu cuerpo de una forma divertida.<\/p>\n<p class=\"p1\">Gravity Pole Fitness Studio se ha consolidado como el Studio de Pole Fitness m\u00e1s importante del pa\u00eds por su constante trabajo de promoci\u00f3n en el cuidado especializado de la salud. Gravity Pole Fitness Studio ha sido el primer estudio en M\u00e9xico en ser:<\/p>\n<ul>\n<li class=\"p1\"><strong>-1er Studio de Pole Fitness en M\u00e9xico.<\/strong><\/li>\n<li class=\"p1\"><strong>-1er Studio con instructoras certificadas en el extranjero.<\/strong><\/li>\n<li class=\"p1\"><strong>-1er Studio en contar con Instructoras certificadas bajo los lineamientos de AFAA.<\/strong><\/li>\n<li class=\"p1\"><strong>-1er Studio en difundir la cultura de los primeros auxilios entre sus instructoras. (Actualmente requisito indispensable para las clases)<\/strong><\/li>\n<li class=\"p1\"><strong>-1er y \u00fanico studio en desarrollar su propio programa de capacitaci\u00f3n avalada en los Estados Unidos de Norte Am\u00e9rica por AFAA.<\/strong><\/li>\n<li class=\"p1\"><strong>-1er Studio en desarrollar un programa progresivo, efectivo y seguro de clases por niveles.<\/strong><\/li>\n<li class=\"p1\"><strong>-1er Studio en crear conciencia de la bio-mec\u00e1nica en los movimientos.<\/strong><\/li>\n<li class=\"p1\"><strong>-1er Studio en combinar disciplinas como el Yoga, Pilates, danza, gimnasia y TRX para aplicarlas a la barra vertical o Pole.<\/strong><\/li>\n<li class=\"p1\"><strong>-1er Studio en promover implementar e impartir disciplinas alternas como soporte del Pole Fitness como el parado de manos y t\u00e9cnicas de flexibilidad y contorsi\u00f3n.<\/strong><\/li>\n<li class=\"p1\"><strong>-1er Studio en invitar y promover talleres de instructoras \/ performers extranjeras en M\u00e9xico.<\/strong><\/li>\n<li class=\"p1\"><strong>-1er Studio en organizar por 5 a\u00f1os consecutivos el showcase de Pole Fitness mas grande del mundo, GRAVITY FIRST.<\/strong><\/li>\n<li class=\"p1\"><strong>-1er Studio en aparecer en la secci\u00f3n &#8220;Pole Around the world&#8221; en la revista especializada en Pole y artes a\u00e9reas &#8220;Vertical&#8221;.<\/strong><\/li>\n<li class=\"p1\"><strong>-Su creadora a sido la unica Creadora de \u00fanica mexicana en ser oradora\/ponente en la Pole Convention,\u00a0 West palm Beach Florida USA.<\/strong><\/li>\n<li class=\"p1\"><strong>-1er Studio en desarrollar un sistema de franquicias propio.<\/strong><\/li>\n<li class=\"p1\"><strong>-1er Studio latinoamericano en tener una sucursal en EEUU. Gravity Pole Fitness Studio Key West, Florida USA.<\/strong><\/li>\n<li class=\"p1\"><strong>-1er Studio en ser anfitri\u00f3n en la certificaci\u00f3n especializada &#8220;X-Pert&#8221;<\/strong><\/li>\n<li class=\"p1\"><strong>-1er Studio en traer a M\u00e9xico a Jenyne Butterfly, Jamilla DeVille, Marlo Fisken, Pantera Blacksmith, Natasha Wang, Alethea Austin, Estee Zakar, Karol Helms, Leigh Ann Reilly, Zoraya Judd, Amy Guion, Nadia Sharif, Mina Mortezaie, Michula Nunez, Karol Helms, Steven Retcheles, Chris Measday, Justin McLucas, Rafaela Montanaro, Flying Laura, Michelle Stanek, Amanda Rose, Heidi Coker, Samantha Star, Kenneth Kao, Kelly Elizabeth Goss y las Campeonas en Brasil 2014 (1\u00ba,2\u00ba y 3er lugar) Veronica Solimano, Hanka Venselaar y Victoria Rame entre otras.<\/strong><\/li>\n<li class=\"p1\"><strong>-1er Studio en tener a 3 campeonas de EEUU de manera simultanea dando talleres en M\u00e9xico.<\/strong><\/li>\n<li class=\"p1\"><strong>-1er Studio en el mundo en utilizar las redes sociales como un m\u00e9todo efectivo de promoci\u00f3n y venta.<\/strong><\/li>\n<li class=\"p1\"><strong>-1er y \u00fanico Studio en el mundo en tener mas de 111,000 likes en facebook.<\/strong><\/li>\n<li class=\"p1\"><strong>-1er Studio en desarrollar el sistema de clases ilimitadas de practica.<\/strong><\/li>\n<li class=\"p1\"><strong>-1er Studio en M\u00e9xico en aparecer fomentando la disciplina del Pole Fitness en programas en vivo en televisi\u00f3n nacional abierta y de paga.<\/strong><\/li>\n<li class=\"p1\"><strong>-1er Studio en auspiciar capacitaciones de la Federaci\u00f3n Mexicana de Pole Fitness.<\/strong><\/li>\n<li class=\"p1\"><strong>-\u00danico Studio colaborador en el documental &#8220;Pole Life&#8221; presentado en Las Vegas en 2012.<\/strong><\/li>\n<li class=\"p1\"><strong>-\u00danico Studio en ser invitado 3 veces a FOXSPORTS en Vivo.<\/strong><\/li>\n<li class=\"p1\"><strong>-\u00danico Studio en ser invitado 2 veces al programa de radio mas importante de M\u00e9xico con Martha Debayle, WFM 96.9FM.<\/strong><\/li>\n<li class=\"p1\"><strong>-\u00danico Studio en haber sido invitado en vivo al programa de Claudia Arllano 98.5FM<\/strong><\/li>\n<li class=\"p1\"><strong>-\u00danico Studio en haber sido invitado al programa de radio &#8220;La hora libre&#8221; con Roy Macduch, 97.7FM.<\/strong><\/li>\n<li class=\"p1\"><strong>-Primer Studio en aparecer en publicaciones como Marie Claire, Chilango, Donde Ir as\u00ed como en los peri\u00f3dicos nacionales como El Universal y Reforma as\u00ed como peri\u00f3dicos locales como Publimetro, EL Grafico y Metro.<\/strong><\/li>\n<li class=\"p1\"><strong>-Primer estudio que preparo a 11 atletas de las cuales 9 obtuvieron medallas en el Campeonato Nacional de Pole Sports 2015. Femexpole\/IPSF<\/strong><\/li>\n<li class=\"p1\"><strong>-Primer y \u00fanico estudio en el pa\u00eds en contar con el reconocimiento de la empresa l\u00edder en Pole Sports, X-pole, en otorgar el nombramiento de X-Pole Athlete a Erika Gonzalez del Pliego, maestra exclusiva de Gravity Pole Fitness Studio.<\/strong><\/li>\n<li class=\"p1\"><strong>-Primer y \u00fanico estudio en todo el Continente Americano\u00a0 en contar con instructora capacitada siguiendo la Certificaci\u00f3n &#8220;EPIC&#8221; desarrollada en Londres por la International Pole Sports Federation (IPSF) para ni\u00f1os y adolescentes, contando con clases para ni\u00f1os entre 5 y 14 a\u00f1os.<\/strong><\/li>\n<li class=\"p1\"><strong>-\u00danico estudio donde entrena y da clases la \u00fanica Master Trainer de Am\u00e9rica del Norte de la International Pole Sports Federation (IPSF)<\/strong><\/li>\n<li class=\"p1\"><span class=\"m_3097212065495501087text_exposed_show\"><strong>-1er y \u00fanico Studio en crear, implementar e impartir sus propias capacitaciones en varios pa\u00edses del Continente Americano. (EEUU &amp; Colombia)<\/strong><br \/>\n<strong> -1er y \u00fanico Studio que solicita que todas sus instructores cuenten con estos MINIMOS requerimientos. <\/strong><br \/>\n<strong> a) Certificaci\u00f3n AFAA<\/strong><br \/>\n<strong> b) Certificaci\u00f3n Xpert m\u00f3dulos 1&amp;2.<\/strong><br \/>\n<strong> c) Certificaciones Femexpole 1,2 &amp; 3.<\/strong><br \/>\n<strong> d) Curso Internacional de primeros auxilios.<\/strong><br \/>\n<strong> e) M\u00ednimo de 1500 horas efectivas \/ comprobables de pr\u00e1ctica.<\/strong> <\/span><\/li>\n<\/ul>\n<p class=\"p1\">Ven y conoce a Jezabel Olmos Lemus, que no te cuenten. Aprende con la pionera del Pole en M\u00e9xico. Creadora de Gravity Pole Fitness Studio, es la \u00fanica mexicana en ser reconocida mundialmente como figura base del Pole Fitness en M\u00e9xico.<\/p>\n<p class=\"p1\">\u00bfQue esperas? Ven a volar con nosotros.<\/p>\n<p>[\/vc_column_text][\/vc_column][\/vc_row]<\/p>\n","protected":false},"excerpt":{"rendered":"<p>[vc_row animation_type=&#8221;fadeInDown&#8221;][vc_column section_text_color=&#8221;dark&#8221;][vc_single_image image=&#8221;4257&#8243; img_size=&#8221;large&#8221; alignment=&#8221;center&#8221;][\/vc_column][\/vc_row][vc_row animation_type=&#8221;fadeInLeft&#8221;][vc_column][vc_column_text] Ofrecemos acondicionamiento f\u00edsico, a trav\u00e9s de clases de Pole Sports, con base en un m\u00e9todo progresivo, efectivo y seguro, dise\u00f1ado a partir de un programa de integraci\u00f3n, capacitaci\u00f3n, innovaci\u00f3n y certificaci\u00f3n continua con aval internacional, que permite generar conciencia de tu cuerpo de una forma divertida. Gravity Pole [&hellip;]<\/p>\n","protected":false},"author":1,"featured_media":0,"parent":0,"menu_order":0,"comment_status":"closed","ping_status":"closed","template":"","meta":[],"_links":{"self":[{"href":"https:\/\/www.gravitystudio.com.mx\/site\/wp-json\/wp\/v2\/pages\/4065"}],"collection":[{"href":"https:\/\/www.gravitystudio.com.mx\/site\/wp-json\/wp\/v2\/pages"}],"about":[{"href":"https:\/\/www.gravitystudio.com.mx\/site\/wp-json\/wp\/v2\/types\/page"}],"author":[{"embeddable":true,"href":"https:\/\/www.gravitystudio.com.mx\/site\/wp-json\/wp\/v2\/users\/1"}],"replies":[{"embeddable":true,"href":"https:\/\/www.gravitystudio.com.mx\/site\/wp-json\/wp\/v2\/comments?post=4065"}],"version-history":[{"count":10,"href":"https:\/\/www.gravitystudio.com.mx\/site\/wp-json\/wp\/v2\/pages\/4065\/revisions"}],"predecessor-version":[{"id":4401,"href":"https:\/\/www.gravitystudio.com.mx\/site\/wp-json\/wp\/v2\/pages\/4065\/revisions\/4401"}],"wp:attachment":[{"href":"https:\/\/www.gravitystudio.com.mx\/site\/wp-json\/wp\/v2\/media?parent=4065"}],"curies":[{"name":"wp","href":"https:\/\/api.w.org\/{rel}","templated":true}]}}